{"id":52850,"date":"2018-04-04T21:52:38","date_gmt":"2018-04-04T19:52:38","guid":{"rendered":"https:\/\/prawowroclaw.edu.pl\/erasmus\/%d0%ba%d0%be%d0%be%d1%80%d0%b4%d0%b8%d0%bd%d0%b0%d1%82%d0%be%d1%80-erasmus\/"},"modified":"2023-03-11T10:08:28","modified_gmt":"2023-03-11T09:08:28","slug":"%d0%ba%d0%be%d0%be%d1%80%d0%b4%d0%b8%d0%bd%d0%b0%d1%82%d0%be%d1%80-erasmus","status":"publish","type":"page","link":"https:\/\/prawowroclaw.edu.pl\/uk\/erasmus\/%d0%ba%d0%be%d0%be%d1%80%d0%b4%d0%b8%d0%bd%d0%b0%d1%82%d0%be%d1%80-erasmus\/","title":{"rendered":"\u041a\u043e\u043e\u0440\u0434\u0438\u043d\u0430\u0442\u043e\u0440 ERASMUS+"},"content":{"rendered":"\n","protected":false},"excerpt":{"rendered":"","protected":false},"author":1,"featured_media":45797,"parent":52399,"menu_order":0,"comment_status":"closed","ping_status":"closed","template":"","meta":{"episode_type":"","audio_file":"","podmotor_file_id":"","podmotor_episode_id":"","cover_image":"","cover_image_id":"","duration":"","filesize":"","filesize_raw":"","date_recorded":"","explicit":"","block":"","itunes_episode_number":"","itunes_title":"","itunes_season_number":"","itunes_episode_type":"","footnotes":""},"categories":[208],"tags":[],"class_list":["post-52850","page","type-page","status-publish","has-post-thumbnail","hentry","category-erasmus-wroclaw-uk"],"yoast_head":"<!-- This site is optimized with the Yoast SEO Premium plugin v19.3 (Yoast SEO v27.2) - https:\/\/yoast.com\/product\/yoast-seo-premium-wordpress\/ -->\n<title>\u041a\u043e\u043e\u0440\u0434\u0438\u043d\u0430\u0442\u043e\u0440 ERASMUS+ | Wy\u017csza Szko\u0142a Prawa we Wroc\u0142awiu<\/title>\n<meta name=\"robots\" content=\"index, follow, max-snippet:-1, max-image-preview:large, max-video-preview:-1\" \/>\n<link rel=\"canonical\" href=\"https:\/\/prawowroclaw.edu.pl\/uk\/erasmus\/%d0%ba%d0%be%d0%be%d1%80%d0%b4%d0%b8%d0%bd%d0%b0%d1%82%d0%be%d1%80-erasmus\/\" \/>\n<meta property=\"og:locale\" content=\"uk_UA\" \/>\n<meta property=\"og:type\" content=\"article\" \/>\n<meta property=\"og:title\" content=\"\u041a\u043e\u043e\u0440\u0434\u0438\u043d\u0430\u0442\u043e\u0440 ERASMUS+\" \/>\n<meta property=\"og:url\" content=\"https:\/\/prawowroclaw.edu.pl\/uk\/erasmus\/%d0%ba%d0%be%d0%be%d1%80%d0%b4%d0%b8%d0%bd%d0%b0%d1%82%d0%be%d1%80-erasmus\/\" \/>\n<meta property=\"og:site_name\" content=\"Wy\u017csza Szko\u0142a Prawa we Wroc\u0142awiu\" \/>\n<meta property=\"article:publisher\" content=\"https:\/\/www.facebook.com\/prawowroclaw\" \/>\n<meta property=\"article:modified_time\" content=\"2023-03-11T09:08:28+00:00\" \/>\n<meta property=\"og:image\" content=\"https:\/\/prawowroclaw.edu.pl\/wp-content\/uploads\/2018\/09\/praca-dla-studentow-ogloszenia-wroclaw.png\" \/>\n\t<meta property=\"og:image:width\" content=\"1920\" \/>\n\t<meta property=\"og:image:height\" content=\"600\" \/>\n\t<meta property=\"og:image:type\" content=\"image\/png\" \/>\n<meta name=\"twitter:label1\" content=\"Est. reading time\" \/>\n\t<meta name=\"twitter:data1\" content=\"4 minutes\" \/>\n<script type=\"application\/ld+json\" class=\"yoast-schema-graph\">{\"@context\":\"https:\/\/schema.org\",\"@graph\":[{\"@type\":\"WebPage\",\"@id\":\"https:\/\/prawowroclaw.edu.pl\/uk\/erasmus\/%d0%ba%d0%be%d0%be%d1%80%d0%b4%d0%b8%d0%bd%d0%b0%d1%82%d0%be%d1%80-erasmus\/\",\"url\":\"https:\/\/prawowroclaw.edu.pl\/uk\/erasmus\/%d0%ba%d0%be%d0%be%d1%80%d0%b4%d0%b8%d0%bd%d0%b0%d1%82%d0%be%d1%80-erasmus\/\",\"name\":\"\u041a\u043e\u043e\u0440\u0434\u0438\u043d\u0430\u0442\u043e\u0440 ERASMUS+ | Wy\u017csza Szko\u0142a Prawa we Wroc\u0142awiu\",\"isPartOf\":{\"@id\":\"https:\/\/prawowroclaw.edu.pl\/#website\"},\"primaryImageOfPage\":{\"@id\":\"https:\/\/prawowroclaw.edu.pl\/uk\/erasmus\/%d0%ba%d0%be%d0%be%d1%80%d0%b4%d0%b8%d0%bd%d0%b0%d1%82%d0%be%d1%80-erasmus\/#primaryimage\"},\"image\":{\"@id\":\"https:\/\/prawowroclaw.edu.pl\/uk\/erasmus\/%d0%ba%d0%be%d0%be%d1%80%d0%b4%d0%b8%d0%bd%d0%b0%d1%82%d0%be%d1%80-erasmus\/#primaryimage\"},\"thumbnailUrl\":\"https:\/\/prawowroclaw.edu.pl\/wp-content\/uploads\/2018\/09\/praca-dla-studentow-ogloszenia-wroclaw.png\",\"datePublished\":\"2018-04-04T19:52:38+00:00\",\"dateModified\":\"2023-03-11T09:08:28+00:00\",\"breadcrumb\":{\"@id\":\"https:\/\/prawowroclaw.edu.pl\/uk\/erasmus\/%d0%ba%d0%be%d0%be%d1%80%d0%b4%d0%b8%d0%bd%d0%b0%d1%82%d0%be%d1%80-erasmus\/#breadcrumb\"},\"inLanguage\":\"uk\",\"potentialAction\":[{\"@type\":\"ReadAction\",\"target\":[\"https:\/\/prawowroclaw.edu.pl\/uk\/erasmus\/%d0%ba%d0%be%d0%be%d1%80%d0%b4%d0%b8%d0%bd%d0%b0%d1%82%d0%be%d1%80-erasmus\/\"]}]},{\"@type\":\"ImageObject\",\"inLanguage\":\"uk\",\"@id\":\"https:\/\/prawowroclaw.edu.pl\/uk\/erasmus\/%d0%ba%d0%be%d0%be%d1%80%d0%b4%d0%b8%d0%bd%d0%b0%d1%82%d0%be%d1%80-erasmus\/#primaryimage\",\"url\":\"https:\/\/prawowroclaw.edu.pl\/wp-content\/uploads\/2018\/09\/praca-dla-studentow-ogloszenia-wroclaw.png\",\"contentUrl\":\"https:\/\/prawowroclaw.edu.pl\/wp-content\/uploads\/2018\/09\/praca-dla-studentow-ogloszenia-wroclaw.png\",\"width\":1920,\"height\":600},{\"@type\":\"BreadcrumbList\",\"@id\":\"https:\/\/prawowroclaw.edu.pl\/uk\/erasmus\/%d0%ba%d0%be%d0%be%d1%80%d0%b4%d0%b8%d0%bd%d0%b0%d1%82%d0%be%d1%80-erasmus\/#breadcrumb\",\"itemListElement\":[{\"@type\":\"ListItem\",\"position\":1,\"name\":\"Strona g\u0142\u00f3wna\",\"item\":\"https:\/\/prawowroclaw.edu.pl\/uk\/\"},{\"@type\":\"ListItem\",\"position\":2,\"name\":\"Erasmus+\",\"item\":\"https:\/\/prawowroclaw.edu.pl\/uk\/erasmus\/\"},{\"@type\":\"ListItem\",\"position\":3,\"name\":\"\u041a\u043e\u043e\u0440\u0434\u0438\u043d\u0430\u0442\u043e\u0440 ERASMUS+\"}]},{\"@type\":\"WebSite\",\"@id\":\"https:\/\/prawowroclaw.edu.pl\/#website\",\"url\":\"https:\/\/prawowroclaw.edu.pl\/\",\"name\":\"Wy\u017csza Szko\u0142a Prawa we Wroc\u0142awiu\",\"description\":\"\",\"publisher\":{\"@id\":\"https:\/\/prawowroclaw.edu.pl\/#organization\"},\"alternateName\":\"WSP Wroc\u0142aw\",\"potentialAction\":[{\"@type\":\"SearchAction\",\"target\":{\"@type\":\"EntryPoint\",\"urlTemplate\":\"https:\/\/prawowroclaw.edu.pl\/?s={search_term_string}\"},\"query-input\":{\"@type\":\"PropertyValueSpecification\",\"valueRequired\":true,\"valueName\":\"search_term_string\"}}],\"inLanguage\":\"uk\"},{\"@type\":\"Organization\",\"@id\":\"https:\/\/prawowroclaw.edu.pl\/#organization\",\"name\":\"Wy\u017csza Szko\u0142a Prawa we Wroc\u0142awiu\",\"url\":\"https:\/\/prawowroclaw.edu.pl\/\",\"logo\":{\"@type\":\"ImageObject\",\"inLanguage\":\"uk\",\"@id\":\"https:\/\/prawowroclaw.edu.pl\/#\/schema\/logo\/image\/\",\"url\":\"https:\/\/prawowroclaw.edu.pl\/wp-content\/uploads\/2019\/09\/logo.jpg\",\"contentUrl\":\"https:\/\/prawowroclaw.edu.pl\/wp-content\/uploads\/2019\/09\/logo.jpg\",\"width\":440,\"height\":173,\"caption\":\"Wy\u017csza Szko\u0142a Prawa we Wroc\u0142awiu\"},\"image\":{\"@id\":\"https:\/\/prawowroclaw.edu.pl\/#\/schema\/logo\/image\/\"},\"sameAs\":[\"https:\/\/www.facebook.com\/prawowroclaw\",\"https:\/\/www.instagram.com\/wyzsza_szkola_prawa\/\",\"https:\/\/www.youtube.com\/channel\/UCn1WU1GxhNexyFg6BiOJw2g\"]}]}<\/script>\n<!-- \/ Yoast SEO Premium plugin. -->","yoast_head_json":{"title":"\u041a\u043e\u043e\u0440\u0434\u0438\u043d\u0430\u0442\u043e\u0440 ERASMUS+ | Wy\u017csza Szko\u0142a Prawa we Wroc\u0142awiu","robots":{"index":"index","follow":"follow","max-snippet":"max-snippet:-1","max-image-preview":"max-image-preview:large","max-video-preview":"max-video-preview:-1"},"canonical":"https:\/\/prawowroclaw.edu.pl\/uk\/erasmus\/%d0%ba%d0%be%d0%be%d1%80%d0%b4%d0%b8%d0%bd%d0%b0%d1%82%d0%be%d1%80-erasmus\/","og_locale":"uk_UA","og_type":"article","og_title":"\u041a\u043e\u043e\u0440\u0434\u0438\u043d\u0430\u0442\u043e\u0440 ERASMUS+","og_url":"https:\/\/prawowroclaw.edu.pl\/uk\/erasmus\/%d0%ba%d0%be%d0%be%d1%80%d0%b4%d0%b8%d0%bd%d0%b0%d1%82%d0%be%d1%80-erasmus\/","og_site_name":"Wy\u017csza Szko\u0142a Prawa we Wroc\u0142awiu","article_publisher":"https:\/\/www.facebook.com\/prawowroclaw","article_modified_time":"2023-03-11T09:08:28+00:00","og_image":[{"width":1920,"height":600,"url":"https:\/\/prawowroclaw.edu.pl\/wp-content\/uploads\/2018\/09\/praca-dla-studentow-ogloszenia-wroclaw.png","type":"image\/png"}],"twitter_misc":{"Est. reading time":"4 minutes"},"schema":{"@context":"https:\/\/schema.org","@graph":[{"@type":"WebPage","@id":"https:\/\/prawowroclaw.edu.pl\/uk\/erasmus\/%d0%ba%d0%be%d0%be%d1%80%d0%b4%d0%b8%d0%bd%d0%b0%d1%82%d0%be%d1%80-erasmus\/","url":"https:\/\/prawowroclaw.edu.pl\/uk\/erasmus\/%d0%ba%d0%be%d0%be%d1%80%d0%b4%d0%b8%d0%bd%d0%b0%d1%82%d0%be%d1%80-erasmus\/","name":"\u041a\u043e\u043e\u0440\u0434\u0438\u043d\u0430\u0442\u043e\u0440 ERASMUS+ | Wy\u017csza Szko\u0142a Prawa we Wroc\u0142awiu","isPartOf":{"@id":"https:\/\/prawowroclaw.edu.pl\/#website"},"primaryImageOfPage":{"@id":"https:\/\/prawowroclaw.edu.pl\/uk\/erasmus\/%d0%ba%d0%be%d0%be%d1%80%d0%b4%d0%b8%d0%bd%d0%b0%d1%82%d0%be%d1%80-erasmus\/#primaryimage"},"image":{"@id":"https:\/\/prawowroclaw.edu.pl\/uk\/erasmus\/%d0%ba%d0%be%d0%be%d1%80%d0%b4%d0%b8%d0%bd%d0%b0%d1%82%d0%be%d1%80-erasmus\/#primaryimage"},"thumbnailUrl":"https:\/\/prawowroclaw.edu.pl\/wp-content\/uploads\/2018\/09\/praca-dla-studentow-ogloszenia-wroclaw.png","datePublished":"2018-04-04T19:52:38+00:00","dateModified":"2023-03-11T09:08:28+00:00","breadcrumb":{"@id":"https:\/\/prawowroclaw.edu.pl\/uk\/erasmus\/%d0%ba%d0%be%d0%be%d1%80%d0%b4%d0%b8%d0%bd%d0%b0%d1%82%d0%be%d1%80-erasmus\/#breadcrumb"},"inLanguage":"uk","potentialAction":[{"@type":"ReadAction","target":["https:\/\/prawowroclaw.edu.pl\/uk\/erasmus\/%d0%ba%d0%be%d0%be%d1%80%d0%b4%d0%b8%d0%bd%d0%b0%d1%82%d0%be%d1%80-erasmus\/"]}]},{"@type":"ImageObject","inLanguage":"uk","@id":"https:\/\/prawowroclaw.edu.pl\/uk\/erasmus\/%d0%ba%d0%be%d0%be%d1%80%d0%b4%d0%b8%d0%bd%d0%b0%d1%82%d0%be%d1%80-erasmus\/#primaryimage","url":"https:\/\/prawowroclaw.edu.pl\/wp-content\/uploads\/2018\/09\/praca-dla-studentow-ogloszenia-wroclaw.png","contentUrl":"https:\/\/prawowroclaw.edu.pl\/wp-content\/uploads\/2018\/09\/praca-dla-studentow-ogloszenia-wroclaw.png","width":1920,"height":600},{"@type":"BreadcrumbList","@id":"https:\/\/prawowroclaw.edu.pl\/uk\/erasmus\/%d0%ba%d0%be%d0%be%d1%80%d0%b4%d0%b8%d0%bd%d0%b0%d1%82%d0%be%d1%80-erasmus\/#breadcrumb","itemListElement":[{"@type":"ListItem","position":1,"name":"Strona g\u0142\u00f3wna","item":"https:\/\/prawowroclaw.edu.pl\/uk\/"},{"@type":"ListItem","position":2,"name":"Erasmus+","item":"https:\/\/prawowroclaw.edu.pl\/uk\/erasmus\/"},{"@type":"ListItem","position":3,"name":"\u041a\u043e\u043e\u0440\u0434\u0438\u043d\u0430\u0442\u043e\u0440 ERASMUS+"}]},{"@type":"WebSite","@id":"https:\/\/prawowroclaw.edu.pl\/#website","url":"https:\/\/prawowroclaw.edu.pl\/","name":"Wy\u017csza Szko\u0142a Prawa we Wroc\u0142awiu","description":"","publisher":{"@id":"https:\/\/prawowroclaw.edu.pl\/#organization"},"alternateName":"WSP Wroc\u0142aw","potentialAction":[{"@type":"SearchAction","target":{"@type":"EntryPoint","urlTemplate":"https:\/\/prawowroclaw.edu.pl\/?s={search_term_string}"},"query-input":{"@type":"PropertyValueSpecification","valueRequired":true,"valueName":"search_term_string"}}],"inLanguage":"uk"},{"@type":"Organization","@id":"https:\/\/prawowroclaw.edu.pl\/#organization","name":"Wy\u017csza Szko\u0142a Prawa we Wroc\u0142awiu","url":"https:\/\/prawowroclaw.edu.pl\/","logo":{"@type":"ImageObject","inLanguage":"uk","@id":"https:\/\/prawowroclaw.edu.pl\/#\/schema\/logo\/image\/","url":"https:\/\/prawowroclaw.edu.pl\/wp-content\/uploads\/2019\/09\/logo.jpg","contentUrl":"https:\/\/prawowroclaw.edu.pl\/wp-content\/uploads\/2019\/09\/logo.jpg","width":440,"height":173,"caption":"Wy\u017csza Szko\u0142a Prawa we Wroc\u0142awiu"},"image":{"@id":"https:\/\/prawowroclaw.edu.pl\/#\/schema\/logo\/image\/"},"sameAs":["https:\/\/www.facebook.com\/prawowroclaw","https:\/\/www.instagram.com\/wyzsza_szkola_prawa\/","https:\/\/www.youtube.com\/channel\/UCn1WU1GxhNexyFg6BiOJw2g"]}]}},"_links":{"self":[{"href":"https:\/\/prawowroclaw.edu.pl\/uk\/wp-json\/wp\/v2\/pages\/52850","targetHints":{"allow":["GET"]}}],"collection":[{"href":"https:\/\/prawowroclaw.edu.pl\/uk\/wp-json\/wp\/v2\/pages"}],"about":[{"href":"https:\/\/prawowroclaw.edu.pl\/uk\/wp-json\/wp\/v2\/types\/page"}],"author":[{"embeddable":true,"href":"https:\/\/prawowroclaw.edu.pl\/uk\/wp-json\/wp\/v2\/users\/1"}],"replies":[{"embeddable":true,"href":"https:\/\/prawowroclaw.edu.pl\/uk\/wp-json\/wp\/v2\/comments?post=52850"}],"version-history":[{"count":6,"href":"https:\/\/prawowroclaw.edu.pl\/uk\/wp-json\/wp\/v2\/pages\/52850\/revisions"}],"predecessor-version":[{"id":60119,"href":"https:\/\/prawowroclaw.edu.pl\/uk\/wp-json\/wp\/v2\/pages\/52850\/revisions\/60119"}],"up":[{"embeddable":true,"href":"https:\/\/prawowroclaw.edu.pl\/uk\/wp-json\/wp\/v2\/pages\/52399"}],"wp:featuredmedia":[{"embeddable":true,"href":"https:\/\/prawowroclaw.edu.pl\/uk\/wp-json\/wp\/v2\/media\/45797"}],"wp:attachment":[{"href":"https:\/\/prawowroclaw.edu.pl\/uk\/wp-json\/wp\/v2\/media?parent=52850"}],"wp:term":[{"taxonomy":"category","embeddable":true,"href":"https:\/\/prawowroclaw.edu.pl\/uk\/wp-json\/wp\/v2\/categories?post=52850"},{"taxonomy":"post_tag","embeddable":true,"href":"https:\/\/prawowroclaw.edu.pl\/uk\/wp-json\/wp\/v2\/tags?post=52850"}],"curies":[{"name":"wp","href":"https:\/\/api.w.org\/{rel}","templated":true}]}}