{"id":52687,"date":"2018-04-04T21:52:25","date_gmt":"2018-04-04T19:52:25","guid":{"rendered":"https:\/\/prawowroclaw.edu.pl\/erasmus\/erasmus-%d0%bf%d0%b0%d1%80%d1%82%d0%bd%d0%b5%d1%80%d1%81%d1%8c%d0%ba%d1%96%d1%96-%d1%83%d0%bd%d1%96%d0%b2%d0%b5%d1%80%d1%81%d0%b8%d1%82%d0%b5%d1%82%d0%b8\/"},"modified":"2023-03-30T00:36:12","modified_gmt":"2023-03-29T22:36:12","slug":"erasmus-%d1%83%d0%bd%d1%96%d0%b2%d0%b5%d1%80%d1%81%d0%b8%d1%82%d0%b5%d1%82%d0%b8-%d0%bf%d0%b0%d1%80%d1%82%d0%bd%d0%b5%d1%80%d0%b8","status":"publish","type":"page","link":"https:\/\/prawowroclaw.edu.pl\/uk\/erasmus\/erasmus-%d1%83%d0%bd%d1%96%d0%b2%d0%b5%d1%80%d1%81%d0%b8%d1%82%d0%b5%d1%82%d0%b8-%d0%bf%d0%b0%d1%80%d1%82%d0%bd%d0%b5%d1%80%d0%b8\/","title":{"rendered":"Erasmus &#8211; \u0423\u043d\u0456\u0432\u0435\u0440\u0441\u0438\u0442\u0435\u0442\u0438 \u043f\u0430\u0440\u0442\u043d\u0435\u0440\u0438"},"content":{"rendered":"\n","protected":false},"excerpt":{"rendered":"","protected":false},"author":1,"featured_media":0,"parent":52399,"menu_order":0,"comment_status":"closed","ping_status":"closed","template":"","meta":{"episode_type":"","audio_file":"","podmotor_file_id":"","podmotor_episode_id":"","cover_image":"","cover_image_id":"","duration":"","filesize":"","filesize_raw":"","date_recorded":"","explicit":"","block":"","itunes_episode_number":"","itunes_title":"","itunes_season_number":"","itunes_episode_type":"","footnotes":""},"categories":[],"tags":[],"class_list":["post-52687","page","type-page","status-publish","hentry"],"yoast_head":"<!-- This site is optimized with the Yoast SEO Premium plugin v19.3 (Yoast SEO v27.2) - https:\/\/yoast.com\/product\/yoast-seo-premium-wordpress\/ -->\n<title>Erasmus - \u0423\u043d\u0456\u0432\u0435\u0440\u0441\u0438\u0442\u0435\u0442\u0438 \u043f\u0430\u0440\u0442\u043d\u0435\u0440\u0438 | Wy\u017csza Szko\u0142a Prawa we Wroc\u0142awiu<\/title>\n<meta name=\"robots\" content=\"index, follow, max-snippet:-1, max-image-preview:large, max-video-preview:-1\" \/>\n<link rel=\"canonical\" href=\"https:\/\/prawowroclaw.edu.pl\/uk\/erasmus\/erasmus-%d1%83%d0%bd%d1%96%d0%b2%d0%b5%d1%80%d1%81%d0%b8%d1%82%d0%b5%d1%82%d0%b8-%d0%bf%d0%b0%d1%80%d1%82%d0%bd%d0%b5%d1%80%d0%b8\/\" \/>\n<meta property=\"og:locale\" content=\"uk_UA\" \/>\n<meta property=\"og:type\" content=\"article\" \/>\n<meta property=\"og:title\" content=\"Erasmus - \u0423\u043d\u0456\u0432\u0435\u0440\u0441\u0438\u0442\u0435\u0442\u0438 \u043f\u0430\u0440\u0442\u043d\u0435\u0440\u0438\" \/>\n<meta property=\"og:url\" content=\"https:\/\/prawowroclaw.edu.pl\/uk\/erasmus\/erasmus-%d1%83%d0%bd%d1%96%d0%b2%d0%b5%d1%80%d1%81%d0%b8%d1%82%d0%b5%d1%82%d0%b8-%d0%bf%d0%b0%d1%80%d1%82%d0%bd%d0%b5%d1%80%d0%b8\/\" \/>\n<meta property=\"og:site_name\" content=\"Wy\u017csza Szko\u0142a Prawa we Wroc\u0142awiu\" \/>\n<meta property=\"article:publisher\" content=\"https:\/\/www.facebook.com\/prawowroclaw\" \/>\n<meta property=\"article:modified_time\" content=\"2023-03-29T22:36:12+00:00\" \/>\n<meta property=\"og:image\" content=\"https:\/\/prawowroclaw.edu.pl\/wp-content\/uploads\/2022\/11\/UCLovain.jpg\" \/>\n<meta name=\"twitter:label1\" content=\"Est. reading time\" \/>\n\t<meta name=\"twitter:data1\" content=\"10 minutes\" \/>\n<script type=\"application\/ld+json\" class=\"yoast-schema-graph\">{\"@context\":\"https:\/\/schema.org\",\"@graph\":[{\"@type\":\"WebPage\",\"@id\":\"https:\/\/prawowroclaw.edu.pl\/uk\/erasmus\/erasmus-%d1%83%d0%bd%d1%96%d0%b2%d0%b5%d1%80%d1%81%d0%b8%d1%82%d0%b5%d1%82%d0%b8-%d0%bf%d0%b0%d1%80%d1%82%d0%bd%d0%b5%d1%80%d0%b8\/\",\"url\":\"https:\/\/prawowroclaw.edu.pl\/uk\/erasmus\/erasmus-%d1%83%d0%bd%d1%96%d0%b2%d0%b5%d1%80%d1%81%d0%b8%d1%82%d0%b5%d1%82%d0%b8-%d0%bf%d0%b0%d1%80%d1%82%d0%bd%d0%b5%d1%80%d0%b8\/\",\"name\":\"Erasmus - \u0423\u043d\u0456\u0432\u0435\u0440\u0441\u0438\u0442\u0435\u0442\u0438 \u043f\u0430\u0440\u0442\u043d\u0435\u0440\u0438 | Wy\u017csza Szko\u0142a Prawa we Wroc\u0142awiu\",\"isPartOf\":{\"@id\":\"https:\/\/prawowroclaw.edu.pl\/#website\"},\"primaryImageOfPage\":{\"@id\":\"https:\/\/prawowroclaw.edu.pl\/uk\/erasmus\/erasmus-%d1%83%d0%bd%d1%96%d0%b2%d0%b5%d1%80%d1%81%d0%b8%d1%82%d0%b5%d1%82%d0%b8-%d0%bf%d0%b0%d1%80%d1%82%d0%bd%d0%b5%d1%80%d0%b8\/#primaryimage\"},\"image\":{\"@id\":\"https:\/\/prawowroclaw.edu.pl\/uk\/erasmus\/erasmus-%d1%83%d0%bd%d1%96%d0%b2%d0%b5%d1%80%d1%81%d0%b8%d1%82%d0%b5%d1%82%d0%b8-%d0%bf%d0%b0%d1%80%d1%82%d0%bd%d0%b5%d1%80%d0%b8\/#primaryimage\"},\"thumbnailUrl\":\"https:\/\/prawowroclaw.edu.pl\/wp-content\/uploads\/2022\/11\/UCLovain.jpg\",\"datePublished\":\"2018-04-04T19:52:25+00:00\",\"dateModified\":\"2023-03-29T22:36:12+00:00\",\"breadcrumb\":{\"@id\":\"https:\/\/prawowroclaw.edu.pl\/uk\/erasmus\/erasmus-%d1%83%d0%bd%d1%96%d0%b2%d0%b5%d1%80%d1%81%d0%b8%d1%82%d0%b5%d1%82%d0%b8-%d0%bf%d0%b0%d1%80%d1%82%d0%bd%d0%b5%d1%80%d0%b8\/#breadcrumb\"},\"inLanguage\":\"uk\",\"potentialAction\":[{\"@type\":\"ReadAction\",\"target\":[\"https:\/\/prawowroclaw.edu.pl\/uk\/erasmus\/erasmus-%d1%83%d0%bd%d1%96%d0%b2%d0%b5%d1%80%d1%81%d0%b8%d1%82%d0%b5%d1%82%d0%b8-%d0%bf%d0%b0%d1%80%d1%82%d0%bd%d0%b5%d1%80%d0%b8\/\"]}]},{\"@type\":\"ImageObject\",\"inLanguage\":\"uk\",\"@id\":\"https:\/\/prawowroclaw.edu.pl\/uk\/erasmus\/erasmus-%d1%83%d0%bd%d1%96%d0%b2%d0%b5%d1%80%d1%81%d0%b8%d1%82%d0%b5%d1%82%d0%b8-%d0%bf%d0%b0%d1%80%d1%82%d0%bd%d0%b5%d1%80%d0%b8\/#primaryimage\",\"url\":\"https:\/\/prawowroclaw.edu.pl\/wp-content\/uploads\/2022\/11\/UCLovain.jpg\",\"contentUrl\":\"https:\/\/prawowroclaw.edu.pl\/wp-content\/uploads\/2022\/11\/UCLovain.jpg\"},{\"@type\":\"BreadcrumbList\",\"@id\":\"https:\/\/prawowroclaw.edu.pl\/uk\/erasmus\/erasmus-%d1%83%d0%bd%d1%96%d0%b2%d0%b5%d1%80%d1%81%d0%b8%d1%82%d0%b5%d1%82%d0%b8-%d0%bf%d0%b0%d1%80%d1%82%d0%bd%d0%b5%d1%80%d0%b8\/#breadcrumb\",\"itemListElement\":[{\"@type\":\"ListItem\",\"position\":1,\"name\":\"Strona g\u0142\u00f3wna\",\"item\":\"https:\/\/prawowroclaw.edu.pl\/uk\/\"},{\"@type\":\"ListItem\",\"position\":2,\"name\":\"Erasmus+\",\"item\":\"https:\/\/prawowroclaw.edu.pl\/uk\/erasmus\/\"},{\"@type\":\"ListItem\",\"position\":3,\"name\":\"Erasmus &#8211; \u0423\u043d\u0456\u0432\u0435\u0440\u0441\u0438\u0442\u0435\u0442\u0438 \u043f\u0430\u0440\u0442\u043d\u0435\u0440\u0438\"}]},{\"@type\":\"WebSite\",\"@id\":\"https:\/\/prawowroclaw.edu.pl\/#website\",\"url\":\"https:\/\/prawowroclaw.edu.pl\/\",\"name\":\"Wy\u017csza Szko\u0142a Prawa we Wroc\u0142awiu\",\"description\":\"\",\"publisher\":{\"@id\":\"https:\/\/prawowroclaw.edu.pl\/#organization\"},\"alternateName\":\"WSP Wroc\u0142aw\",\"potentialAction\":[{\"@type\":\"SearchAction\",\"target\":{\"@type\":\"EntryPoint\",\"urlTemplate\":\"https:\/\/prawowroclaw.edu.pl\/?s={search_term_string}\"},\"query-input\":{\"@type\":\"PropertyValueSpecification\",\"valueRequired\":true,\"valueName\":\"search_term_string\"}}],\"inLanguage\":\"uk\"},{\"@type\":\"Organization\",\"@id\":\"https:\/\/prawowroclaw.edu.pl\/#organization\",\"name\":\"Wy\u017csza Szko\u0142a Prawa we Wroc\u0142awiu\",\"url\":\"https:\/\/prawowroclaw.edu.pl\/\",\"logo\":{\"@type\":\"ImageObject\",\"inLanguage\":\"uk\",\"@id\":\"https:\/\/prawowroclaw.edu.pl\/#\/schema\/logo\/image\/\",\"url\":\"https:\/\/prawowroclaw.edu.pl\/wp-content\/uploads\/2019\/09\/logo.jpg\",\"contentUrl\":\"https:\/\/prawowroclaw.edu.pl\/wp-content\/uploads\/2019\/09\/logo.jpg\",\"width\":440,\"height\":173,\"caption\":\"Wy\u017csza Szko\u0142a Prawa we Wroc\u0142awiu\"},\"image\":{\"@id\":\"https:\/\/prawowroclaw.edu.pl\/#\/schema\/logo\/image\/\"},\"sameAs\":[\"https:\/\/www.facebook.com\/prawowroclaw\",\"https:\/\/www.instagram.com\/wyzsza_szkola_prawa\/\",\"https:\/\/www.youtube.com\/channel\/UCn1WU1GxhNexyFg6BiOJw2g\"]}]}<\/script>\n<!-- \/ Yoast SEO Premium plugin. -->","yoast_head_json":{"title":"Erasmus - \u0423\u043d\u0456\u0432\u0435\u0440\u0441\u0438\u0442\u0435\u0442\u0438 \u043f\u0430\u0440\u0442\u043d\u0435\u0440\u0438 | Wy\u017csza Szko\u0142a Prawa we Wroc\u0142awiu","robots":{"index":"index","follow":"follow","max-snippet":"max-snippet:-1","max-image-preview":"max-image-preview:large","max-video-preview":"max-video-preview:-1"},"canonical":"https:\/\/prawowroclaw.edu.pl\/uk\/erasmus\/erasmus-%d1%83%d0%bd%d1%96%d0%b2%d0%b5%d1%80%d1%81%d0%b8%d1%82%d0%b5%d1%82%d0%b8-%d0%bf%d0%b0%d1%80%d1%82%d0%bd%d0%b5%d1%80%d0%b8\/","og_locale":"uk_UA","og_type":"article","og_title":"Erasmus - \u0423\u043d\u0456\u0432\u0435\u0440\u0441\u0438\u0442\u0435\u0442\u0438 \u043f\u0430\u0440\u0442\u043d\u0435\u0440\u0438","og_url":"https:\/\/prawowroclaw.edu.pl\/uk\/erasmus\/erasmus-%d1%83%d0%bd%d1%96%d0%b2%d0%b5%d1%80%d1%81%d0%b8%d1%82%d0%b5%d1%82%d0%b8-%d0%bf%d0%b0%d1%80%d1%82%d0%bd%d0%b5%d1%80%d0%b8\/","og_site_name":"Wy\u017csza Szko\u0142a Prawa we Wroc\u0142awiu","article_publisher":"https:\/\/www.facebook.com\/prawowroclaw","article_modified_time":"2023-03-29T22:36:12+00:00","og_image":[{"url":"https:\/\/prawowroclaw.edu.pl\/wp-content\/uploads\/2022\/11\/UCLovain.jpg","type":"","width":"","height":""}],"twitter_misc":{"Est. reading time":"10 minutes"},"schema":{"@context":"https:\/\/schema.org","@graph":[{"@type":"WebPage","@id":"https:\/\/prawowroclaw.edu.pl\/uk\/erasmus\/erasmus-%d1%83%d0%bd%d1%96%d0%b2%d0%b5%d1%80%d1%81%d0%b8%d1%82%d0%b5%d1%82%d0%b8-%d0%bf%d0%b0%d1%80%d1%82%d0%bd%d0%b5%d1%80%d0%b8\/","url":"https:\/\/prawowroclaw.edu.pl\/uk\/erasmus\/erasmus-%d1%83%d0%bd%d1%96%d0%b2%d0%b5%d1%80%d1%81%d0%b8%d1%82%d0%b5%d1%82%d0%b8-%d0%bf%d0%b0%d1%80%d1%82%d0%bd%d0%b5%d1%80%d0%b8\/","name":"Erasmus - \u0423\u043d\u0456\u0432\u0435\u0440\u0441\u0438\u0442\u0435\u0442\u0438 \u043f\u0430\u0440\u0442\u043d\u0435\u0440\u0438 | Wy\u017csza Szko\u0142a Prawa we Wroc\u0142awiu","isPartOf":{"@id":"https:\/\/prawowroclaw.edu.pl\/#website"},"primaryImageOfPage":{"@id":"https:\/\/prawowroclaw.edu.pl\/uk\/erasmus\/erasmus-%d1%83%d0%bd%d1%96%d0%b2%d0%b5%d1%80%d1%81%d0%b8%d1%82%d0%b5%d1%82%d0%b8-%d0%bf%d0%b0%d1%80%d1%82%d0%bd%d0%b5%d1%80%d0%b8\/#primaryimage"},"image":{"@id":"https:\/\/prawowroclaw.edu.pl\/uk\/erasmus\/erasmus-%d1%83%d0%bd%d1%96%d0%b2%d0%b5%d1%80%d1%81%d0%b8%d1%82%d0%b5%d1%82%d0%b8-%d0%bf%d0%b0%d1%80%d1%82%d0%bd%d0%b5%d1%80%d0%b8\/#primaryimage"},"thumbnailUrl":"https:\/\/prawowroclaw.edu.pl\/wp-content\/uploads\/2022\/11\/UCLovain.jpg","datePublished":"2018-04-04T19:52:25+00:00","dateModified":"2023-03-29T22:36:12+00:00","breadcrumb":{"@id":"https:\/\/prawowroclaw.edu.pl\/uk\/erasmus\/erasmus-%d1%83%d0%bd%d1%96%d0%b2%d0%b5%d1%80%d1%81%d0%b8%d1%82%d0%b5%d1%82%d0%b8-%d0%bf%d0%b0%d1%80%d1%82%d0%bd%d0%b5%d1%80%d0%b8\/#breadcrumb"},"inLanguage":"uk","potentialAction":[{"@type":"ReadAction","target":["https:\/\/prawowroclaw.edu.pl\/uk\/erasmus\/erasmus-%d1%83%d0%bd%d1%96%d0%b2%d0%b5%d1%80%d1%81%d0%b8%d1%82%d0%b5%d1%82%d0%b8-%d0%bf%d0%b0%d1%80%d1%82%d0%bd%d0%b5%d1%80%d0%b8\/"]}]},{"@type":"ImageObject","inLanguage":"uk","@id":"https:\/\/prawowroclaw.edu.pl\/uk\/erasmus\/erasmus-%d1%83%d0%bd%d1%96%d0%b2%d0%b5%d1%80%d1%81%d0%b8%d1%82%d0%b5%d1%82%d0%b8-%d0%bf%d0%b0%d1%80%d1%82%d0%bd%d0%b5%d1%80%d0%b8\/#primaryimage","url":"https:\/\/prawowroclaw.edu.pl\/wp-content\/uploads\/2022\/11\/UCLovain.jpg","contentUrl":"https:\/\/prawowroclaw.edu.pl\/wp-content\/uploads\/2022\/11\/UCLovain.jpg"},{"@type":"BreadcrumbList","@id":"https:\/\/prawowroclaw.edu.pl\/uk\/erasmus\/erasmus-%d1%83%d0%bd%d1%96%d0%b2%d0%b5%d1%80%d1%81%d0%b8%d1%82%d0%b5%d1%82%d0%b8-%d0%bf%d0%b0%d1%80%d1%82%d0%bd%d0%b5%d1%80%d0%b8\/#breadcrumb","itemListElement":[{"@type":"ListItem","position":1,"name":"Strona g\u0142\u00f3wna","item":"https:\/\/prawowroclaw.edu.pl\/uk\/"},{"@type":"ListItem","position":2,"name":"Erasmus+","item":"https:\/\/prawowroclaw.edu.pl\/uk\/erasmus\/"},{"@type":"ListItem","position":3,"name":"Erasmus &#8211; \u0423\u043d\u0456\u0432\u0435\u0440\u0441\u0438\u0442\u0435\u0442\u0438 \u043f\u0430\u0440\u0442\u043d\u0435\u0440\u0438"}]},{"@type":"WebSite","@id":"https:\/\/prawowroclaw.edu.pl\/#website","url":"https:\/\/prawowroclaw.edu.pl\/","name":"Wy\u017csza Szko\u0142a Prawa we Wroc\u0142awiu","description":"","publisher":{"@id":"https:\/\/prawowroclaw.edu.pl\/#organization"},"alternateName":"WSP Wroc\u0142aw","potentialAction":[{"@type":"SearchAction","target":{"@type":"EntryPoint","urlTemplate":"https:\/\/prawowroclaw.edu.pl\/?s={search_term_string}"},"query-input":{"@type":"PropertyValueSpecification","valueRequired":true,"valueName":"search_term_string"}}],"inLanguage":"uk"},{"@type":"Organization","@id":"https:\/\/prawowroclaw.edu.pl\/#organization","name":"Wy\u017csza Szko\u0142a Prawa we Wroc\u0142awiu","url":"https:\/\/prawowroclaw.edu.pl\/","logo":{"@type":"ImageObject","inLanguage":"uk","@id":"https:\/\/prawowroclaw.edu.pl\/#\/schema\/logo\/image\/","url":"https:\/\/prawowroclaw.edu.pl\/wp-content\/uploads\/2019\/09\/logo.jpg","contentUrl":"https:\/\/prawowroclaw.edu.pl\/wp-content\/uploads\/2019\/09\/logo.jpg","width":440,"height":173,"caption":"Wy\u017csza Szko\u0142a Prawa we Wroc\u0142awiu"},"image":{"@id":"https:\/\/prawowroclaw.edu.pl\/#\/schema\/logo\/image\/"},"sameAs":["https:\/\/www.facebook.com\/prawowroclaw","https:\/\/www.instagram.com\/wyzsza_szkola_prawa\/","https:\/\/www.youtube.com\/channel\/UCn1WU1GxhNexyFg6BiOJw2g"]}]}},"_links":{"self":[{"href":"https:\/\/prawowroclaw.edu.pl\/uk\/wp-json\/wp\/v2\/pages\/52687","targetHints":{"allow":["GET"]}}],"collection":[{"href":"https:\/\/prawowroclaw.edu.pl\/uk\/wp-json\/wp\/v2\/pages"}],"about":[{"href":"https:\/\/prawowroclaw.edu.pl\/uk\/wp-json\/wp\/v2\/types\/page"}],"author":[{"embeddable":true,"href":"https:\/\/prawowroclaw.edu.pl\/uk\/wp-json\/wp\/v2\/users\/1"}],"replies":[{"embeddable":true,"href":"https:\/\/prawowroclaw.edu.pl\/uk\/wp-json\/wp\/v2\/comments?post=52687"}],"version-history":[{"count":18,"href":"https:\/\/prawowroclaw.edu.pl\/uk\/wp-json\/wp\/v2\/pages\/52687\/revisions"}],"predecessor-version":[{"id":54284,"href":"https:\/\/prawowroclaw.edu.pl\/uk\/wp-json\/wp\/v2\/pages\/52687\/revisions\/54284"}],"up":[{"embeddable":true,"href":"https:\/\/prawowroclaw.edu.pl\/uk\/wp-json\/wp\/v2\/pages\/52399"}],"wp:attachment":[{"href":"https:\/\/prawowroclaw.edu.pl\/uk\/wp-json\/wp\/v2\/media?parent=52687"}],"wp:term":[{"taxonomy":"category","embeddable":true,"href":"https:\/\/prawowroclaw.edu.pl\/uk\/wp-json\/wp\/v2\/categories?post=52687"},{"taxonomy":"post_tag","embeddable":true,"href":"https:\/\/prawowroclaw.edu.pl\/uk\/wp-json\/wp\/v2\/tags?post=52687"}],"curies":[{"name":"wp","href":"https:\/\/api.w.org\/{rel}","templated":true}]}}