{"id":52399,"date":"2018-04-04T19:16:29","date_gmt":"2018-04-04T17:16:29","guid":{"rendered":"https:\/\/prawowroclaw.edu.pl\/erasmus\/"},"modified":"2023-03-19T20:55:04","modified_gmt":"2023-03-19T19:55:04","slug":"erasmus","status":"publish","type":"page","link":"https:\/\/prawowroclaw.edu.pl\/uk\/erasmus\/","title":{"rendered":"Erasmus+"},"content":{"rendered":"\n","protected":false},"excerpt":{"rendered":"","protected":false},"author":1,"featured_media":0,"parent":0,"menu_order":0,"comment_status":"closed","ping_status":"closed","template":"","meta":{"episode_type":"","audio_file":"","podmotor_file_id":"","podmotor_episode_id":"","cover_image":"","cover_image_id":"","duration":"","filesize":"","filesize_raw":"","date_recorded":"","explicit":"","block":"","itunes_episode_number":"","itunes_title":"","itunes_season_number":"","itunes_episode_type":"","footnotes":""},"categories":[],"tags":[],"class_list":["post-52399","page","type-page","status-publish","hentry"],"yoast_head":"<!-- This site is optimized with the Yoast SEO Premium plugin v19.3 (Yoast SEO v27.2) - https:\/\/yoast.com\/product\/yoast-seo-premium-wordpress\/ -->\n<title>Erasmus+ | Wy\u017csza Szko\u0142a Prawa we Wroc\u0142awiu %<\/title>\n<meta name=\"description\" content=\"Erasmus+ \u0446\u0435 \u043d\u0435 \u0442\u0456\u043b\u044c\u043a\u0438 \u043d\u0430\u0432\u0447\u0430\u043d\u043d\u044f \u0437\u0430\u043a\u043e\u0440\u0434\u043e\u043d\u043e\u043c. \u041f\u0440\u043e\u0444\u0435\u0441\u0456\u0439\u043d\u0456 \u043f\u0440\u0430\u043a\u0442\u0438\u043a\u0438 \u0442\u0430 \u0433\u043e\u0441\u0442\u044c\u043e\u0432\u0456 \u043b\u0435\u043a\u0446\u0456\u0457 \u0443 \u0437\u0430\u043a\u043e\u0440\u0434\u043e\u043d\u043d\u0438\u0445 \u0443\u043d\u0456\u0432\u0435\u0440\u0441\u0438\u0442\u0435\u0442\u0430\u0445 - \u043d\u0430 \u0446\u0435 \u043c\u043e\u0436\u0443\u0442\u044c \u0440\u043e\u0437\u0440\u0430\u0445\u043e\u0432\u0443\u0432\u0430\u0442\u0438 \u0441\u0442\u0443\u0434\u0435\u043d\u0442\u0438 \u0456 \u0432\u0438\u043a\u043b\u0430\u0434\u0430\u0447\u0456 \u0412\u0428\u041f\" \/>\n<meta name=\"robots\" content=\"index, follow, max-snippet:-1, max-image-preview:large, max-video-preview:-1\" \/>\n<link rel=\"canonical\" href=\"https:\/\/prawowroclaw.edu.pl\/uk\/erasmus\/\" \/>\n<meta property=\"og:locale\" content=\"uk_UA\" \/>\n<meta property=\"og:type\" content=\"article\" \/>\n<meta property=\"og:title\" content=\"Erasmus+\" \/>\n<meta property=\"og:url\" content=\"https:\/\/prawowroclaw.edu.pl\/uk\/erasmus\/\" \/>\n<meta property=\"og:site_name\" content=\"Wy\u017csza Szko\u0142a Prawa we Wroc\u0142awiu\" \/>\n<meta property=\"article:publisher\" content=\"https:\/\/www.facebook.com\/prawowroclaw\" \/>\n<meta property=\"article:modified_time\" content=\"2023-03-19T19:55:04+00:00\" \/>\n<meta property=\"og:image\" content=\"https:\/\/prawowroclaw.edu.pl\/wp-content\/uploads\/2018\/07\/Wroclaw-erasmus-w-liczbach.png\" \/>\n<meta name=\"twitter:label1\" content=\"Est. reading time\" \/>\n\t<meta name=\"twitter:data1\" content=\"26 minutes\" \/>\n<script type=\"application\/ld+json\" class=\"yoast-schema-graph\">{\"@context\":\"https:\/\/schema.org\",\"@graph\":[{\"@type\":\"WebPage\",\"@id\":\"https:\/\/prawowroclaw.edu.pl\/uk\/erasmus\/\",\"url\":\"https:\/\/prawowroclaw.edu.pl\/uk\/erasmus\/\",\"name\":\"Erasmus+ | Wy\u017csza Szko\u0142a Prawa we Wroc\u0142awiu %\",\"isPartOf\":{\"@id\":\"https:\/\/prawowroclaw.edu.pl\/#website\"},\"primaryImageOfPage\":{\"@id\":\"https:\/\/prawowroclaw.edu.pl\/uk\/erasmus\/#primaryimage\"},\"image\":{\"@id\":\"https:\/\/prawowroclaw.edu.pl\/uk\/erasmus\/#primaryimage\"},\"thumbnailUrl\":\"https:\/\/prawowroclaw.edu.pl\/wp-content\/uploads\/2018\/07\/Wroclaw-erasmus-w-liczbach.png\",\"datePublished\":\"2018-04-04T17:16:29+00:00\",\"dateModified\":\"2023-03-19T19:55:04+00:00\",\"description\":\"Erasmus+ \u0446\u0435 \u043d\u0435 \u0442\u0456\u043b\u044c\u043a\u0438 \u043d\u0430\u0432\u0447\u0430\u043d\u043d\u044f \u0437\u0430\u043a\u043e\u0440\u0434\u043e\u043d\u043e\u043c. \u041f\u0440\u043e\u0444\u0435\u0441\u0456\u0439\u043d\u0456 \u043f\u0440\u0430\u043a\u0442\u0438\u043a\u0438 \u0442\u0430 \u0433\u043e\u0441\u0442\u044c\u043e\u0432\u0456 \u043b\u0435\u043a\u0446\u0456\u0457 \u0443 \u0437\u0430\u043a\u043e\u0440\u0434\u043e\u043d\u043d\u0438\u0445 \u0443\u043d\u0456\u0432\u0435\u0440\u0441\u0438\u0442\u0435\u0442\u0430\u0445 - \u043d\u0430 \u0446\u0435 \u043c\u043e\u0436\u0443\u0442\u044c \u0440\u043e\u0437\u0440\u0430\u0445\u043e\u0432\u0443\u0432\u0430\u0442\u0438 \u0441\u0442\u0443\u0434\u0435\u043d\u0442\u0438 \u0456 \u0432\u0438\u043a\u043b\u0430\u0434\u0430\u0447\u0456 \u0412\u0428\u041f\",\"breadcrumb\":{\"@id\":\"https:\/\/prawowroclaw.edu.pl\/uk\/erasmus\/#breadcrumb\"},\"inLanguage\":\"uk\",\"potentialAction\":[{\"@type\":\"ReadAction\",\"target\":[\"https:\/\/prawowroclaw.edu.pl\/uk\/erasmus\/\"]}]},{\"@type\":\"ImageObject\",\"inLanguage\":\"uk\",\"@id\":\"https:\/\/prawowroclaw.edu.pl\/uk\/erasmus\/#primaryimage\",\"url\":\"https:\/\/prawowroclaw.edu.pl\/wp-content\/uploads\/2018\/07\/Wroclaw-erasmus-w-liczbach.png\",\"contentUrl\":\"https:\/\/prawowroclaw.edu.pl\/wp-content\/uploads\/2018\/07\/Wroclaw-erasmus-w-liczbach.png\"},{\"@type\":\"BreadcrumbList\",\"@id\":\"https:\/\/prawowroclaw.edu.pl\/uk\/erasmus\/#breadcrumb\",\"itemListElement\":[{\"@type\":\"ListItem\",\"position\":1,\"name\":\"Strona g\u0142\u00f3wna\",\"item\":\"https:\/\/prawowroclaw.edu.pl\/uk\/\"},{\"@type\":\"ListItem\",\"position\":2,\"name\":\"Erasmus+\"}]},{\"@type\":\"WebSite\",\"@id\":\"https:\/\/prawowroclaw.edu.pl\/#website\",\"url\":\"https:\/\/prawowroclaw.edu.pl\/\",\"name\":\"Wy\u017csza Szko\u0142a Prawa we Wroc\u0142awiu\",\"description\":\"\",\"publisher\":{\"@id\":\"https:\/\/prawowroclaw.edu.pl\/#organization\"},\"alternateName\":\"WSP Wroc\u0142aw\",\"potentialAction\":[{\"@type\":\"SearchAction\",\"target\":{\"@type\":\"EntryPoint\",\"urlTemplate\":\"https:\/\/prawowroclaw.edu.pl\/?s={search_term_string}\"},\"query-input\":{\"@type\":\"PropertyValueSpecification\",\"valueRequired\":true,\"valueName\":\"search_term_string\"}}],\"inLanguage\":\"uk\"},{\"@type\":\"Organization\",\"@id\":\"https:\/\/prawowroclaw.edu.pl\/#organization\",\"name\":\"Wy\u017csza Szko\u0142a Prawa we Wroc\u0142awiu\",\"url\":\"https:\/\/prawowroclaw.edu.pl\/\",\"logo\":{\"@type\":\"ImageObject\",\"inLanguage\":\"uk\",\"@id\":\"https:\/\/prawowroclaw.edu.pl\/#\/schema\/logo\/image\/\",\"url\":\"https:\/\/prawowroclaw.edu.pl\/wp-content\/uploads\/2019\/09\/logo.jpg\",\"contentUrl\":\"https:\/\/prawowroclaw.edu.pl\/wp-content\/uploads\/2019\/09\/logo.jpg\",\"width\":440,\"height\":173,\"caption\":\"Wy\u017csza Szko\u0142a Prawa we Wroc\u0142awiu\"},\"image\":{\"@id\":\"https:\/\/prawowroclaw.edu.pl\/#\/schema\/logo\/image\/\"},\"sameAs\":[\"https:\/\/www.facebook.com\/prawowroclaw\",\"https:\/\/www.instagram.com\/wyzsza_szkola_prawa\/\",\"https:\/\/www.youtube.com\/channel\/UCn1WU1GxhNexyFg6BiOJw2g\"]}]}<\/script>\n<!-- \/ Yoast SEO Premium plugin. -->","yoast_head_json":{"title":"Erasmus+ | Wy\u017csza Szko\u0142a Prawa we Wroc\u0142awiu %","description":"Erasmus+ \u0446\u0435 \u043d\u0435 \u0442\u0456\u043b\u044c\u043a\u0438 \u043d\u0430\u0432\u0447\u0430\u043d\u043d\u044f \u0437\u0430\u043a\u043e\u0440\u0434\u043e\u043d\u043e\u043c. \u041f\u0440\u043e\u0444\u0435\u0441\u0456\u0439\u043d\u0456 \u043f\u0440\u0430\u043a\u0442\u0438\u043a\u0438 \u0442\u0430 \u0433\u043e\u0441\u0442\u044c\u043e\u0432\u0456 \u043b\u0435\u043a\u0446\u0456\u0457 \u0443 \u0437\u0430\u043a\u043e\u0440\u0434\u043e\u043d\u043d\u0438\u0445 \u0443\u043d\u0456\u0432\u0435\u0440\u0441\u0438\u0442\u0435\u0442\u0430\u0445 - \u043d\u0430 \u0446\u0435 \u043c\u043e\u0436\u0443\u0442\u044c \u0440\u043e\u0437\u0440\u0430\u0445\u043e\u0432\u0443\u0432\u0430\u0442\u0438 \u0441\u0442\u0443\u0434\u0435\u043d\u0442\u0438 \u0456 \u0432\u0438\u043a\u043b\u0430\u0434\u0430\u0447\u0456 \u0412\u0428\u041f","robots":{"index":"index","follow":"follow","max-snippet":"max-snippet:-1","max-image-preview":"max-image-preview:large","max-video-preview":"max-video-preview:-1"},"canonical":"https:\/\/prawowroclaw.edu.pl\/uk\/erasmus\/","og_locale":"uk_UA","og_type":"article","og_title":"Erasmus+","og_url":"https:\/\/prawowroclaw.edu.pl\/uk\/erasmus\/","og_site_name":"Wy\u017csza Szko\u0142a Prawa we Wroc\u0142awiu","article_publisher":"https:\/\/www.facebook.com\/prawowroclaw","article_modified_time":"2023-03-19T19:55:04+00:00","og_image":[{"url":"https:\/\/prawowroclaw.edu.pl\/wp-content\/uploads\/2018\/07\/Wroclaw-erasmus-w-liczbach.png","type":"","width":"","height":""}],"twitter_misc":{"Est. reading time":"26 minutes"},"schema":{"@context":"https:\/\/schema.org","@graph":[{"@type":"WebPage","@id":"https:\/\/prawowroclaw.edu.pl\/uk\/erasmus\/","url":"https:\/\/prawowroclaw.edu.pl\/uk\/erasmus\/","name":"Erasmus+ | Wy\u017csza Szko\u0142a Prawa we Wroc\u0142awiu %","isPartOf":{"@id":"https:\/\/prawowroclaw.edu.pl\/#website"},"primaryImageOfPage":{"@id":"https:\/\/prawowroclaw.edu.pl\/uk\/erasmus\/#primaryimage"},"image":{"@id":"https:\/\/prawowroclaw.edu.pl\/uk\/erasmus\/#primaryimage"},"thumbnailUrl":"https:\/\/prawowroclaw.edu.pl\/wp-content\/uploads\/2018\/07\/Wroclaw-erasmus-w-liczbach.png","datePublished":"2018-04-04T17:16:29+00:00","dateModified":"2023-03-19T19:55:04+00:00","description":"Erasmus+ \u0446\u0435 \u043d\u0435 \u0442\u0456\u043b\u044c\u043a\u0438 \u043d\u0430\u0432\u0447\u0430\u043d\u043d\u044f \u0437\u0430\u043a\u043e\u0440\u0434\u043e\u043d\u043e\u043c. \u041f\u0440\u043e\u0444\u0435\u0441\u0456\u0439\u043d\u0456 \u043f\u0440\u0430\u043a\u0442\u0438\u043a\u0438 \u0442\u0430 \u0433\u043e\u0441\u0442\u044c\u043e\u0432\u0456 \u043b\u0435\u043a\u0446\u0456\u0457 \u0443 \u0437\u0430\u043a\u043e\u0440\u0434\u043e\u043d\u043d\u0438\u0445 \u0443\u043d\u0456\u0432\u0435\u0440\u0441\u0438\u0442\u0435\u0442\u0430\u0445 - \u043d\u0430 \u0446\u0435 \u043c\u043e\u0436\u0443\u0442\u044c \u0440\u043e\u0437\u0440\u0430\u0445\u043e\u0432\u0443\u0432\u0430\u0442\u0438 \u0441\u0442\u0443\u0434\u0435\u043d\u0442\u0438 \u0456 \u0432\u0438\u043a\u043b\u0430\u0434\u0430\u0447\u0456 \u0412\u0428\u041f","breadcrumb":{"@id":"https:\/\/prawowroclaw.edu.pl\/uk\/erasmus\/#breadcrumb"},"inLanguage":"uk","potentialAction":[{"@type":"ReadAction","target":["https:\/\/prawowroclaw.edu.pl\/uk\/erasmus\/"]}]},{"@type":"ImageObject","inLanguage":"uk","@id":"https:\/\/prawowroclaw.edu.pl\/uk\/erasmus\/#primaryimage","url":"https:\/\/prawowroclaw.edu.pl\/wp-content\/uploads\/2018\/07\/Wroclaw-erasmus-w-liczbach.png","contentUrl":"https:\/\/prawowroclaw.edu.pl\/wp-content\/uploads\/2018\/07\/Wroclaw-erasmus-w-liczbach.png"},{"@type":"BreadcrumbList","@id":"https:\/\/prawowroclaw.edu.pl\/uk\/erasmus\/#breadcrumb","itemListElement":[{"@type":"ListItem","position":1,"name":"Strona g\u0142\u00f3wna","item":"https:\/\/prawowroclaw.edu.pl\/uk\/"},{"@type":"ListItem","position":2,"name":"Erasmus+"}]},{"@type":"WebSite","@id":"https:\/\/prawowroclaw.edu.pl\/#website","url":"https:\/\/prawowroclaw.edu.pl\/","name":"Wy\u017csza Szko\u0142a Prawa we Wroc\u0142awiu","description":"","publisher":{"@id":"https:\/\/prawowroclaw.edu.pl\/#organization"},"alternateName":"WSP Wroc\u0142aw","potentialAction":[{"@type":"SearchAction","target":{"@type":"EntryPoint","urlTemplate":"https:\/\/prawowroclaw.edu.pl\/?s={search_term_string}"},"query-input":{"@type":"PropertyValueSpecification","valueRequired":true,"valueName":"search_term_string"}}],"inLanguage":"uk"},{"@type":"Organization","@id":"https:\/\/prawowroclaw.edu.pl\/#organization","name":"Wy\u017csza Szko\u0142a Prawa we Wroc\u0142awiu","url":"https:\/\/prawowroclaw.edu.pl\/","logo":{"@type":"ImageObject","inLanguage":"uk","@id":"https:\/\/prawowroclaw.edu.pl\/#\/schema\/logo\/image\/","url":"https:\/\/prawowroclaw.edu.pl\/wp-content\/uploads\/2019\/09\/logo.jpg","contentUrl":"https:\/\/prawowroclaw.edu.pl\/wp-content\/uploads\/2019\/09\/logo.jpg","width":440,"height":173,"caption":"Wy\u017csza Szko\u0142a Prawa we Wroc\u0142awiu"},"image":{"@id":"https:\/\/prawowroclaw.edu.pl\/#\/schema\/logo\/image\/"},"sameAs":["https:\/\/www.facebook.com\/prawowroclaw","https:\/\/www.instagram.com\/wyzsza_szkola_prawa\/","https:\/\/www.youtube.com\/channel\/UCn1WU1GxhNexyFg6BiOJw2g"]}]}},"_links":{"self":[{"href":"https:\/\/prawowroclaw.edu.pl\/uk\/wp-json\/wp\/v2\/pages\/52399","targetHints":{"allow":["GET"]}}],"collection":[{"href":"https:\/\/prawowroclaw.edu.pl\/uk\/wp-json\/wp\/v2\/pages"}],"about":[{"href":"https:\/\/prawowroclaw.edu.pl\/uk\/wp-json\/wp\/v2\/types\/page"}],"author":[{"embeddable":true,"href":"https:\/\/prawowroclaw.edu.pl\/uk\/wp-json\/wp\/v2\/users\/1"}],"replies":[{"embeddable":true,"href":"https:\/\/prawowroclaw.edu.pl\/uk\/wp-json\/wp\/v2\/comments?post=52399"}],"version-history":[{"count":9,"href":"https:\/\/prawowroclaw.edu.pl\/uk\/wp-json\/wp\/v2\/pages\/52399\/revisions"}],"predecessor-version":[{"id":54605,"href":"https:\/\/prawowroclaw.edu.pl\/uk\/wp-json\/wp\/v2\/pages\/52399\/revisions\/54605"}],"wp:attachment":[{"href":"https:\/\/prawowroclaw.edu.pl\/uk\/wp-json\/wp\/v2\/media?parent=52399"}],"wp:term":[{"taxonomy":"category","embeddable":true,"href":"https:\/\/prawowroclaw.edu.pl\/uk\/wp-json\/wp\/v2\/categories?post=52399"},{"taxonomy":"post_tag","embeddable":true,"href":"https:\/\/prawowroclaw.edu.pl\/uk\/wp-json\/wp\/v2\/tags?post=52399"}],"curies":[{"name":"wp","href":"https:\/\/api.w.org\/{rel}","templated":true}]}}