{"id":52379,"date":"2020-02-11T12:17:55","date_gmt":"2020-02-11T11:17:55","guid":{"rendered":"https:\/\/prawowroclaw.edu.pl\/%d0%ba%d0%bb%d1%96%d0%bd%d1%96%d0%ba%d0%b0-%d0%bf%d1%80%d0%b0%d0%b2%d0%b0\/"},"modified":"2023-03-19T21:00:35","modified_gmt":"2023-03-19T20:00:35","slug":"%d0%ba%d0%bb%d1%96%d0%bd%d1%96%d0%ba%d0%b0-%d0%bf%d1%80%d0%b0%d0%b2%d0%b0","status":"publish","type":"page","link":"https:\/\/prawowroclaw.edu.pl\/uk\/%d1%81%d1%82%d1%83%d0%b4%d0%b5%d0%bd%d1%82%d0%b8\/%d0%ba%d0%bb%d1%96%d0%bd%d1%96%d0%ba%d0%b0-%d0%bf%d1%80%d0%b0%d0%b2%d0%b0\/","title":{"rendered":"\u041a\u043b\u0456\u043d\u0456\u043a\u0430 \u041f\u0440\u0430\u0432\u0430"},"content":{"rendered":"\n","protected":false},"excerpt":{"rendered":"","protected":false},"author":21,"featured_media":0,"parent":53990,"menu_order":0,"comment_status":"closed","ping_status":"closed","template":"","meta":{"episode_type":"","audio_file":"","podmotor_file_id":"","podmotor_episode_id":"","cover_image":"","cover_image_id":"","duration":"","filesize":"","filesize_raw":"","date_recorded":"","explicit":"","block":"","itunes_episode_number":"","itunes_title":"","itunes_season_number":"","itunes_episode_type":"","footnotes":""},"categories":[],"tags":[],"class_list":["post-52379","page","type-page","status-publish","hentry"],"yoast_head":"<!-- This site is optimized with the Yoast SEO Premium plugin v19.3 (Yoast SEO v27.2) - https:\/\/yoast.com\/product\/yoast-seo-premium-wordpress\/ -->\n<title>\u041a\u043b\u0456\u043d\u0456\u043a\u0430 \u041f\u0440\u0430\u0432\u0430 | Wy\u017csza Szko\u0142a Prawa we Wroc\u0142awiu<\/title>\n<meta name=\"robots\" content=\"index, follow, max-snippet:-1, max-image-preview:large, max-video-preview:-1\" \/>\n<link rel=\"canonical\" href=\"https:\/\/prawowroclaw.edu.pl\/uk\/%d1%81%d1%82%d1%83%d0%b4%d0%b5%d0%bd%d1%82%d0%b8\/%d0%ba%d0%bb%d1%96%d0%bd%d1%96%d0%ba%d0%b0-%d0%bf%d1%80%d0%b0%d0%b2%d0%b0\/\" \/>\n<meta property=\"og:locale\" content=\"uk_UA\" \/>\n<meta property=\"og:type\" content=\"article\" \/>\n<meta property=\"og:title\" content=\"\u041a\u043b\u0456\u043d\u0456\u043a\u0430 \u041f\u0440\u0430\u0432\u0430\" \/>\n<meta property=\"og:url\" content=\"https:\/\/prawowroclaw.edu.pl\/uk\/%d1%81%d1%82%d1%83%d0%b4%d0%b5%d0%bd%d1%82%d0%b8\/%d0%ba%d0%bb%d1%96%d0%bd%d1%96%d0%ba%d0%b0-%d0%bf%d1%80%d0%b0%d0%b2%d0%b0\/\" \/>\n<meta property=\"og:site_name\" content=\"Wy\u017csza Szko\u0142a Prawa we Wroc\u0142awiu\" \/>\n<meta property=\"article:publisher\" content=\"https:\/\/www.facebook.com\/prawowroclaw\" \/>\n<meta property=\"article:modified_time\" content=\"2023-03-19T20:00:35+00:00\" \/>\n<meta property=\"og:image\" content=\"https:\/\/prawowroclaw.edu.pl\/wp-content\/uploads\/2023\/02\/wsp_logo_z_dopiskiem_poziom_blue-02.png\" \/>\n\t<meta property=\"og:image:width\" content=\"727\" \/>\n\t<meta property=\"og:image:height\" content=\"296\" \/>\n\t<meta property=\"og:image:type\" content=\"image\/png\" \/>\n<meta name=\"twitter:label1\" content=\"Est. reading time\" \/>\n\t<meta name=\"twitter:data1\" content=\"6 minutes\" \/>\n<script type=\"application\/ld+json\" class=\"yoast-schema-graph\">{\"@context\":\"https:\/\/schema.org\",\"@graph\":[{\"@type\":\"WebPage\",\"@id\":\"https:\/\/prawowroclaw.edu.pl\/uk\/%d1%81%d1%82%d1%83%d0%b4%d0%b5%d0%bd%d1%82%d0%b8\/%d0%ba%d0%bb%d1%96%d0%bd%d1%96%d0%ba%d0%b0-%d0%bf%d1%80%d0%b0%d0%b2%d0%b0\/\",\"url\":\"https:\/\/prawowroclaw.edu.pl\/uk\/%d1%81%d1%82%d1%83%d0%b4%d0%b5%d0%bd%d1%82%d0%b8\/%d0%ba%d0%bb%d1%96%d0%bd%d1%96%d0%ba%d0%b0-%d0%bf%d1%80%d0%b0%d0%b2%d0%b0\/\",\"name\":\"\u041a\u043b\u0456\u043d\u0456\u043a\u0430 \u041f\u0440\u0430\u0432\u0430 | Wy\u017csza Szko\u0142a Prawa we Wroc\u0142awiu\",\"isPartOf\":{\"@id\":\"https:\/\/prawowroclaw.edu.pl\/#website\"},\"datePublished\":\"2020-02-11T11:17:55+00:00\",\"dateModified\":\"2023-03-19T20:00:35+00:00\",\"breadcrumb\":{\"@id\":\"https:\/\/prawowroclaw.edu.pl\/uk\/%d1%81%d1%82%d1%83%d0%b4%d0%b5%d0%bd%d1%82%d0%b8\/%d0%ba%d0%bb%d1%96%d0%bd%d1%96%d0%ba%d0%b0-%d0%bf%d1%80%d0%b0%d0%b2%d0%b0\/#breadcrumb\"},\"inLanguage\":\"uk\",\"potentialAction\":[{\"@type\":\"ReadAction\",\"target\":[\"https:\/\/prawowroclaw.edu.pl\/uk\/%d1%81%d1%82%d1%83%d0%b4%d0%b5%d0%bd%d1%82%d0%b8\/%d0%ba%d0%bb%d1%96%d0%bd%d1%96%d0%ba%d0%b0-%d0%bf%d1%80%d0%b0%d0%b2%d0%b0\/\"]}]},{\"@type\":\"BreadcrumbList\",\"@id\":\"https:\/\/prawowroclaw.edu.pl\/uk\/%d1%81%d1%82%d1%83%d0%b4%d0%b5%d0%bd%d1%82%d0%b8\/%d0%ba%d0%bb%d1%96%d0%bd%d1%96%d0%ba%d0%b0-%d0%bf%d1%80%d0%b0%d0%b2%d0%b0\/#breadcrumb\",\"itemListElement\":[{\"@type\":\"ListItem\",\"position\":1,\"name\":\"Strona g\u0142\u00f3wna\",\"item\":\"https:\/\/prawowroclaw.edu.pl\/uk\/\"},{\"@type\":\"ListItem\",\"position\":2,\"name\":\"\u0421\u0442\u0443\u0434\u0435\u043d\u0442\u0438\",\"item\":\"https:\/\/prawowroclaw.edu.pl\/uk\/studenci\/\"},{\"@type\":\"ListItem\",\"position\":3,\"name\":\"\u041a\u043b\u0456\u043d\u0456\u043a\u0430 \u041f\u0440\u0430\u0432\u0430\"}]},{\"@type\":\"WebSite\",\"@id\":\"https:\/\/prawowroclaw.edu.pl\/#website\",\"url\":\"https:\/\/prawowroclaw.edu.pl\/\",\"name\":\"Wy\u017csza Szko\u0142a Prawa we Wroc\u0142awiu\",\"description\":\"\",\"publisher\":{\"@id\":\"https:\/\/prawowroclaw.edu.pl\/#organization\"},\"alternateName\":\"WSP Wroc\u0142aw\",\"potentialAction\":[{\"@type\":\"SearchAction\",\"target\":{\"@type\":\"EntryPoint\",\"urlTemplate\":\"https:\/\/prawowroclaw.edu.pl\/?s={search_term_string}\"},\"query-input\":{\"@type\":\"PropertyValueSpecification\",\"valueRequired\":true,\"valueName\":\"search_term_string\"}}],\"inLanguage\":\"uk\"},{\"@type\":\"Organization\",\"@id\":\"https:\/\/prawowroclaw.edu.pl\/#organization\",\"name\":\"Wy\u017csza Szko\u0142a Prawa we Wroc\u0142awiu\",\"url\":\"https:\/\/prawowroclaw.edu.pl\/\",\"logo\":{\"@type\":\"ImageObject\",\"inLanguage\":\"uk\",\"@id\":\"https:\/\/prawowroclaw.edu.pl\/#\/schema\/logo\/image\/\",\"url\":\"https:\/\/prawowroclaw.edu.pl\/wp-content\/uploads\/2019\/09\/logo.jpg\",\"contentUrl\":\"https:\/\/prawowroclaw.edu.pl\/wp-content\/uploads\/2019\/09\/logo.jpg\",\"width\":440,\"height\":173,\"caption\":\"Wy\u017csza Szko\u0142a Prawa we Wroc\u0142awiu\"},\"image\":{\"@id\":\"https:\/\/prawowroclaw.edu.pl\/#\/schema\/logo\/image\/\"},\"sameAs\":[\"https:\/\/www.facebook.com\/prawowroclaw\",\"https:\/\/www.instagram.com\/wyzsza_szkola_prawa\/\",\"https:\/\/www.youtube.com\/channel\/UCn1WU1GxhNexyFg6BiOJw2g\"]}]}<\/script>\n<!-- \/ Yoast SEO Premium plugin. -->","yoast_head_json":{"title":"\u041a\u043b\u0456\u043d\u0456\u043a\u0430 \u041f\u0440\u0430\u0432\u0430 | Wy\u017csza Szko\u0142a Prawa we Wroc\u0142awiu","robots":{"index":"index","follow":"follow","max-snippet":"max-snippet:-1","max-image-preview":"max-image-preview:large","max-video-preview":"max-video-preview:-1"},"canonical":"https:\/\/prawowroclaw.edu.pl\/uk\/%d1%81%d1%82%d1%83%d0%b4%d0%b5%d0%bd%d1%82%d0%b8\/%d0%ba%d0%bb%d1%96%d0%bd%d1%96%d0%ba%d0%b0-%d0%bf%d1%80%d0%b0%d0%b2%d0%b0\/","og_locale":"uk_UA","og_type":"article","og_title":"\u041a\u043b\u0456\u043d\u0456\u043a\u0430 \u041f\u0440\u0430\u0432\u0430","og_url":"https:\/\/prawowroclaw.edu.pl\/uk\/%d1%81%d1%82%d1%83%d0%b4%d0%b5%d0%bd%d1%82%d0%b8\/%d0%ba%d0%bb%d1%96%d0%bd%d1%96%d0%ba%d0%b0-%d0%bf%d1%80%d0%b0%d0%b2%d0%b0\/","og_site_name":"Wy\u017csza Szko\u0142a Prawa we Wroc\u0142awiu","article_publisher":"https:\/\/www.facebook.com\/prawowroclaw","article_modified_time":"2023-03-19T20:00:35+00:00","og_image":[{"width":727,"height":296,"url":"https:\/\/prawowroclaw.edu.pl\/wp-content\/uploads\/2023\/02\/wsp_logo_z_dopiskiem_poziom_blue-02.png","type":"image\/png"}],"twitter_misc":{"Est. reading time":"6 minutes"},"schema":{"@context":"https:\/\/schema.org","@graph":[{"@type":"WebPage","@id":"https:\/\/prawowroclaw.edu.pl\/uk\/%d1%81%d1%82%d1%83%d0%b4%d0%b5%d0%bd%d1%82%d0%b8\/%d0%ba%d0%bb%d1%96%d0%bd%d1%96%d0%ba%d0%b0-%d0%bf%d1%80%d0%b0%d0%b2%d0%b0\/","url":"https:\/\/prawowroclaw.edu.pl\/uk\/%d1%81%d1%82%d1%83%d0%b4%d0%b5%d0%bd%d1%82%d0%b8\/%d0%ba%d0%bb%d1%96%d0%bd%d1%96%d0%ba%d0%b0-%d0%bf%d1%80%d0%b0%d0%b2%d0%b0\/","name":"\u041a\u043b\u0456\u043d\u0456\u043a\u0430 \u041f\u0440\u0430\u0432\u0430 | Wy\u017csza Szko\u0142a Prawa we Wroc\u0142awiu","isPartOf":{"@id":"https:\/\/prawowroclaw.edu.pl\/#website"},"datePublished":"2020-02-11T11:17:55+00:00","dateModified":"2023-03-19T20:00:35+00:00","breadcrumb":{"@id":"https:\/\/prawowroclaw.edu.pl\/uk\/%d1%81%d1%82%d1%83%d0%b4%d0%b5%d0%bd%d1%82%d0%b8\/%d0%ba%d0%bb%d1%96%d0%bd%d1%96%d0%ba%d0%b0-%d0%bf%d1%80%d0%b0%d0%b2%d0%b0\/#breadcrumb"},"inLanguage":"uk","potentialAction":[{"@type":"ReadAction","target":["https:\/\/prawowroclaw.edu.pl\/uk\/%d1%81%d1%82%d1%83%d0%b4%d0%b5%d0%bd%d1%82%d0%b8\/%d0%ba%d0%bb%d1%96%d0%bd%d1%96%d0%ba%d0%b0-%d0%bf%d1%80%d0%b0%d0%b2%d0%b0\/"]}]},{"@type":"BreadcrumbList","@id":"https:\/\/prawowroclaw.edu.pl\/uk\/%d1%81%d1%82%d1%83%d0%b4%d0%b5%d0%bd%d1%82%d0%b8\/%d0%ba%d0%bb%d1%96%d0%bd%d1%96%d0%ba%d0%b0-%d0%bf%d1%80%d0%b0%d0%b2%d0%b0\/#breadcrumb","itemListElement":[{"@type":"ListItem","position":1,"name":"Strona g\u0142\u00f3wna","item":"https:\/\/prawowroclaw.edu.pl\/uk\/"},{"@type":"ListItem","position":2,"name":"\u0421\u0442\u0443\u0434\u0435\u043d\u0442\u0438","item":"https:\/\/prawowroclaw.edu.pl\/uk\/studenci\/"},{"@type":"ListItem","position":3,"name":"\u041a\u043b\u0456\u043d\u0456\u043a\u0430 \u041f\u0440\u0430\u0432\u0430"}]},{"@type":"WebSite","@id":"https:\/\/prawowroclaw.edu.pl\/#website","url":"https:\/\/prawowroclaw.edu.pl\/","name":"Wy\u017csza Szko\u0142a Prawa we Wroc\u0142awiu","description":"","publisher":{"@id":"https:\/\/prawowroclaw.edu.pl\/#organization"},"alternateName":"WSP Wroc\u0142aw","potentialAction":[{"@type":"SearchAction","target":{"@type":"EntryPoint","urlTemplate":"https:\/\/prawowroclaw.edu.pl\/?s={search_term_string}"},"query-input":{"@type":"PropertyValueSpecification","valueRequired":true,"valueName":"search_term_string"}}],"inLanguage":"uk"},{"@type":"Organization","@id":"https:\/\/prawowroclaw.edu.pl\/#organization","name":"Wy\u017csza Szko\u0142a Prawa we Wroc\u0142awiu","url":"https:\/\/prawowroclaw.edu.pl\/","logo":{"@type":"ImageObject","inLanguage":"uk","@id":"https:\/\/prawowroclaw.edu.pl\/#\/schema\/logo\/image\/","url":"https:\/\/prawowroclaw.edu.pl\/wp-content\/uploads\/2019\/09\/logo.jpg","contentUrl":"https:\/\/prawowroclaw.edu.pl\/wp-content\/uploads\/2019\/09\/logo.jpg","width":440,"height":173,"caption":"Wy\u017csza Szko\u0142a Prawa we Wroc\u0142awiu"},"image":{"@id":"https:\/\/prawowroclaw.edu.pl\/#\/schema\/logo\/image\/"},"sameAs":["https:\/\/www.facebook.com\/prawowroclaw","https:\/\/www.instagram.com\/wyzsza_szkola_prawa\/","https:\/\/www.youtube.com\/channel\/UCn1WU1GxhNexyFg6BiOJw2g"]}]}},"_links":{"self":[{"href":"https:\/\/prawowroclaw.edu.pl\/uk\/wp-json\/wp\/v2\/pages\/52379","targetHints":{"allow":["GET"]}}],"collection":[{"href":"https:\/\/prawowroclaw.edu.pl\/uk\/wp-json\/wp\/v2\/pages"}],"about":[{"href":"https:\/\/prawowroclaw.edu.pl\/uk\/wp-json\/wp\/v2\/types\/page"}],"author":[{"embeddable":true,"href":"https:\/\/prawowroclaw.edu.pl\/uk\/wp-json\/wp\/v2\/users\/21"}],"replies":[{"embeddable":true,"href":"https:\/\/prawowroclaw.edu.pl\/uk\/wp-json\/wp\/v2\/comments?post=52379"}],"version-history":[{"count":8,"href":"https:\/\/prawowroclaw.edu.pl\/uk\/wp-json\/wp\/v2\/pages\/52379\/revisions"}],"predecessor-version":[{"id":53968,"href":"https:\/\/prawowroclaw.edu.pl\/uk\/wp-json\/wp\/v2\/pages\/52379\/revisions\/53968"}],"up":[{"embeddable":true,"href":"https:\/\/prawowroclaw.edu.pl\/uk\/wp-json\/wp\/v2\/pages\/53990"}],"wp:attachment":[{"href":"https:\/\/prawowroclaw.edu.pl\/uk\/wp-json\/wp\/v2\/media?parent=52379"}],"wp:term":[{"taxonomy":"category","embeddable":true,"href":"https:\/\/prawowroclaw.edu.pl\/uk\/wp-json\/wp\/v2\/categories?post=52379"},{"taxonomy":"post_tag","embeddable":true,"href":"https:\/\/prawowroclaw.edu.pl\/uk\/wp-json\/wp\/v2\/tags?post=52379"}],"curies":[{"name":"wp","href":"https:\/\/api.w.org\/{rel}","templated":true}]}}