{"id":52238,"date":"2014-10-03T17:19:13","date_gmt":"2014-10-03T15:19:13","guid":{"rendered":"https:\/\/prawowroclaw.edu.pl\/%d0%bf%d1%80%d0%be-%d0%bd%d0%b0%d1%81\/"},"modified":"2023-03-02T13:32:07","modified_gmt":"2023-03-02T12:32:07","slug":"%d0%bf%d1%80%d0%be-%d0%bd%d0%b0%d1%81","status":"publish","type":"page","link":"https:\/\/prawowroclaw.edu.pl\/uk\/%d1%83%d0%bd%d1%96%d0%b2%d0%b5%d1%80%d1%81%d0%b8%d1%82%d0%b5%d1%82\/%d0%bf%d1%80%d0%be-%d0%bd%d0%b0%d1%81\/","title":{"rendered":"\u041f\u0440\u043e \u043d\u0430\u0441"},"content":{"rendered":"\n","protected":false},"excerpt":{"rendered":"","protected":false},"author":1,"featured_media":0,"parent":54007,"menu_order":2,"comment_status":"closed","ping_status":"closed","template":"","meta":{"episode_type":"","audio_file":"","podmotor_file_id":"","podmotor_episode_id":"","cover_image":"","cover_image_id":"","duration":"","filesize":"","filesize_raw":"","date_recorded":"","explicit":"","block":"","itunes_episode_number":"","itunes_title":"","itunes_season_number":"","itunes_episode_type":"","footnotes":""},"categories":[],"tags":[],"class_list":["post-52238","page","type-page","status-publish","hentry"],"yoast_head":"<!-- This site is optimized with the Yoast SEO Premium plugin v19.3 (Yoast SEO v27.2) - https:\/\/yoast.com\/product\/yoast-seo-premium-wordpress\/ -->\n<title>\u041f\u0440\u043e \u043d\u0430\u0441 | Wy\u017csza Szko\u0142a Prawa we Wroc\u0142awiu<\/title>\n<meta name=\"robots\" content=\"index, follow, max-snippet:-1, max-image-preview:large, max-video-preview:-1\" \/>\n<link rel=\"canonical\" href=\"https:\/\/prawowroclaw.edu.pl\/uk\/%d1%83%d0%bd%d1%96%d0%b2%d0%b5%d1%80%d1%81%d0%b8%d1%82%d0%b5%d1%82\/%d0%bf%d1%80%d0%be-%d0%bd%d0%b0%d1%81\/\" \/>\n<meta property=\"og:locale\" content=\"uk_UA\" \/>\n<meta property=\"og:type\" content=\"article\" \/>\n<meta property=\"og:title\" content=\"\u041f\u0440\u043e \u043d\u0430\u0441\" \/>\n<meta property=\"og:url\" content=\"https:\/\/prawowroclaw.edu.pl\/uk\/%d1%83%d0%bd%d1%96%d0%b2%d0%b5%d1%80%d1%81%d0%b8%d1%82%d0%b5%d1%82\/%d0%bf%d1%80%d0%be-%d0%bd%d0%b0%d1%81\/\" \/>\n<meta property=\"og:site_name\" content=\"Wy\u017csza Szko\u0142a Prawa we Wroc\u0142awiu\" \/>\n<meta property=\"article:publisher\" content=\"https:\/\/www.facebook.com\/prawowroclaw\" \/>\n<meta property=\"article:modified_time\" content=\"2023-03-02T12:32:07+00:00\" \/>\n<meta property=\"og:image\" content=\"https:\/\/prawowroclaw.edu.pl\/wp-content\/uploads\/2021\/04\/social-care-180x180.png\" \/>\n<meta name=\"twitter:label1\" content=\"Est. reading time\" \/>\n\t<meta name=\"twitter:data1\" content=\"10 minutes\" \/>\n<script type=\"application\/ld+json\" class=\"yoast-schema-graph\">{\"@context\":\"https:\/\/schema.org\",\"@graph\":[{\"@type\":\"WebPage\",\"@id\":\"https:\/\/prawowroclaw.edu.pl\/uk\/%d1%83%d0%bd%d1%96%d0%b2%d0%b5%d1%80%d1%81%d0%b8%d1%82%d0%b5%d1%82\/%d0%bf%d1%80%d0%be-%d0%bd%d0%b0%d1%81\/\",\"url\":\"https:\/\/prawowroclaw.edu.pl\/uk\/%d1%83%d0%bd%d1%96%d0%b2%d0%b5%d1%80%d1%81%d0%b8%d1%82%d0%b5%d1%82\/%d0%bf%d1%80%d0%be-%d0%bd%d0%b0%d1%81\/\",\"name\":\"\u041f\u0440\u043e \u043d\u0430\u0441 | Wy\u017csza Szko\u0142a Prawa we Wroc\u0142awiu\",\"isPartOf\":{\"@id\":\"https:\/\/prawowroclaw.edu.pl\/#website\"},\"primaryImageOfPage\":{\"@id\":\"https:\/\/prawowroclaw.edu.pl\/uk\/%d1%83%d0%bd%d1%96%d0%b2%d0%b5%d1%80%d1%81%d0%b8%d1%82%d0%b5%d1%82\/%d0%bf%d1%80%d0%be-%d0%bd%d0%b0%d1%81\/#primaryimage\"},\"image\":{\"@id\":\"https:\/\/prawowroclaw.edu.pl\/uk\/%d1%83%d0%bd%d1%96%d0%b2%d0%b5%d1%80%d1%81%d0%b8%d1%82%d0%b5%d1%82\/%d0%bf%d1%80%d0%be-%d0%bd%d0%b0%d1%81\/#primaryimage\"},\"thumbnailUrl\":\"https:\/\/prawowroclaw.edu.pl\/wp-content\/uploads\/2021\/04\/social-care-180x180.png\",\"datePublished\":\"2014-10-03T15:19:13+00:00\",\"dateModified\":\"2023-03-02T12:32:07+00:00\",\"breadcrumb\":{\"@id\":\"https:\/\/prawowroclaw.edu.pl\/uk\/%d1%83%d0%bd%d1%96%d0%b2%d0%b5%d1%80%d1%81%d0%b8%d1%82%d0%b5%d1%82\/%d0%bf%d1%80%d0%be-%d0%bd%d0%b0%d1%81\/#breadcrumb\"},\"inLanguage\":\"uk\",\"potentialAction\":[{\"@type\":\"ReadAction\",\"target\":[\"https:\/\/prawowroclaw.edu.pl\/uk\/%d1%83%d0%bd%d1%96%d0%b2%d0%b5%d1%80%d1%81%d0%b8%d1%82%d0%b5%d1%82\/%d0%bf%d1%80%d0%be-%d0%bd%d0%b0%d1%81\/\"]}]},{\"@type\":\"ImageObject\",\"inLanguage\":\"uk\",\"@id\":\"https:\/\/prawowroclaw.edu.pl\/uk\/%d1%83%d0%bd%d1%96%d0%b2%d0%b5%d1%80%d1%81%d0%b8%d1%82%d0%b5%d1%82\/%d0%bf%d1%80%d0%be-%d0%bd%d0%b0%d1%81\/#primaryimage\",\"url\":\"https:\/\/prawowroclaw.edu.pl\/wp-content\/uploads\/2021\/04\/social-care-180x180.png\",\"contentUrl\":\"https:\/\/prawowroclaw.edu.pl\/wp-content\/uploads\/2021\/04\/social-care-180x180.png\"},{\"@type\":\"BreadcrumbList\",\"@id\":\"https:\/\/prawowroclaw.edu.pl\/uk\/%d1%83%d0%bd%d1%96%d0%b2%d0%b5%d1%80%d1%81%d0%b8%d1%82%d0%b5%d1%82\/%d0%bf%d1%80%d0%be-%d0%bd%d0%b0%d1%81\/#breadcrumb\",\"itemListElement\":[{\"@type\":\"ListItem\",\"position\":1,\"name\":\"Strona g\u0142\u00f3wna\",\"item\":\"https:\/\/prawowroclaw.edu.pl\/uk\/\"},{\"@type\":\"ListItem\",\"position\":2,\"name\":\"\u0423\u043d\u0456\u0432\u0435\u0440\u0441\u0438\u0442\u0435\u0442\",\"item\":\"https:\/\/prawowroclaw.edu.pl\/uk\/%d1%83%d0%bd%d1%96%d0%b2%d0%b5%d1%80%d1%81%d0%b8%d1%82%d0%b5%d1%82\/\"},{\"@type\":\"ListItem\",\"position\":3,\"name\":\"\u041f\u0440\u043e \u043d\u0430\u0441\"}]},{\"@type\":\"WebSite\",\"@id\":\"https:\/\/prawowroclaw.edu.pl\/#website\",\"url\":\"https:\/\/prawowroclaw.edu.pl\/\",\"name\":\"Wy\u017csza Szko\u0142a Prawa we Wroc\u0142awiu\",\"description\":\"\",\"publisher\":{\"@id\":\"https:\/\/prawowroclaw.edu.pl\/#organization\"},\"alternateName\":\"WSP Wroc\u0142aw\",\"potentialAction\":[{\"@type\":\"SearchAction\",\"target\":{\"@type\":\"EntryPoint\",\"urlTemplate\":\"https:\/\/prawowroclaw.edu.pl\/?s={search_term_string}\"},\"query-input\":{\"@type\":\"PropertyValueSpecification\",\"valueRequired\":true,\"valueName\":\"search_term_string\"}}],\"inLanguage\":\"uk\"},{\"@type\":\"Organization\",\"@id\":\"https:\/\/prawowroclaw.edu.pl\/#organization\",\"name\":\"Wy\u017csza Szko\u0142a Prawa we Wroc\u0142awiu\",\"url\":\"https:\/\/prawowroclaw.edu.pl\/\",\"logo\":{\"@type\":\"ImageObject\",\"inLanguage\":\"uk\",\"@id\":\"https:\/\/prawowroclaw.edu.pl\/#\/schema\/logo\/image\/\",\"url\":\"https:\/\/prawowroclaw.edu.pl\/wp-content\/uploads\/2019\/09\/logo.jpg\",\"contentUrl\":\"https:\/\/prawowroclaw.edu.pl\/wp-content\/uploads\/2019\/09\/logo.jpg\",\"width\":440,\"height\":173,\"caption\":\"Wy\u017csza Szko\u0142a Prawa we Wroc\u0142awiu\"},\"image\":{\"@id\":\"https:\/\/prawowroclaw.edu.pl\/#\/schema\/logo\/image\/\"},\"sameAs\":[\"https:\/\/www.facebook.com\/prawowroclaw\",\"https:\/\/www.instagram.com\/wyzsza_szkola_prawa\/\",\"https:\/\/www.youtube.com\/channel\/UCn1WU1GxhNexyFg6BiOJw2g\"]}]}<\/script>\n<!-- \/ Yoast SEO Premium plugin. -->","yoast_head_json":{"title":"\u041f\u0440\u043e \u043d\u0430\u0441 | Wy\u017csza Szko\u0142a Prawa we Wroc\u0142awiu","robots":{"index":"index","follow":"follow","max-snippet":"max-snippet:-1","max-image-preview":"max-image-preview:large","max-video-preview":"max-video-preview:-1"},"canonical":"https:\/\/prawowroclaw.edu.pl\/uk\/%d1%83%d0%bd%d1%96%d0%b2%d0%b5%d1%80%d1%81%d0%b8%d1%82%d0%b5%d1%82\/%d0%bf%d1%80%d0%be-%d0%bd%d0%b0%d1%81\/","og_locale":"uk_UA","og_type":"article","og_title":"\u041f\u0440\u043e \u043d\u0430\u0441","og_url":"https:\/\/prawowroclaw.edu.pl\/uk\/%d1%83%d0%bd%d1%96%d0%b2%d0%b5%d1%80%d1%81%d0%b8%d1%82%d0%b5%d1%82\/%d0%bf%d1%80%d0%be-%d0%bd%d0%b0%d1%81\/","og_site_name":"Wy\u017csza Szko\u0142a Prawa we Wroc\u0142awiu","article_publisher":"https:\/\/www.facebook.com\/prawowroclaw","article_modified_time":"2023-03-02T12:32:07+00:00","og_image":[{"url":"https:\/\/prawowroclaw.edu.pl\/wp-content\/uploads\/2021\/04\/social-care-180x180.png","type":"","width":"","height":""}],"twitter_misc":{"Est. reading time":"10 minutes"},"schema":{"@context":"https:\/\/schema.org","@graph":[{"@type":"WebPage","@id":"https:\/\/prawowroclaw.edu.pl\/uk\/%d1%83%d0%bd%d1%96%d0%b2%d0%b5%d1%80%d1%81%d0%b8%d1%82%d0%b5%d1%82\/%d0%bf%d1%80%d0%be-%d0%bd%d0%b0%d1%81\/","url":"https:\/\/prawowroclaw.edu.pl\/uk\/%d1%83%d0%bd%d1%96%d0%b2%d0%b5%d1%80%d1%81%d0%b8%d1%82%d0%b5%d1%82\/%d0%bf%d1%80%d0%be-%d0%bd%d0%b0%d1%81\/","name":"\u041f\u0440\u043e \u043d\u0430\u0441 | Wy\u017csza Szko\u0142a Prawa we Wroc\u0142awiu","isPartOf":{"@id":"https:\/\/prawowroclaw.edu.pl\/#website"},"primaryImageOfPage":{"@id":"https:\/\/prawowroclaw.edu.pl\/uk\/%d1%83%d0%bd%d1%96%d0%b2%d0%b5%d1%80%d1%81%d0%b8%d1%82%d0%b5%d1%82\/%d0%bf%d1%80%d0%be-%d0%bd%d0%b0%d1%81\/#primaryimage"},"image":{"@id":"https:\/\/prawowroclaw.edu.pl\/uk\/%d1%83%d0%bd%d1%96%d0%b2%d0%b5%d1%80%d1%81%d0%b8%d1%82%d0%b5%d1%82\/%d0%bf%d1%80%d0%be-%d0%bd%d0%b0%d1%81\/#primaryimage"},"thumbnailUrl":"https:\/\/prawowroclaw.edu.pl\/wp-content\/uploads\/2021\/04\/social-care-180x180.png","datePublished":"2014-10-03T15:19:13+00:00","dateModified":"2023-03-02T12:32:07+00:00","breadcrumb":{"@id":"https:\/\/prawowroclaw.edu.pl\/uk\/%d1%83%d0%bd%d1%96%d0%b2%d0%b5%d1%80%d1%81%d0%b8%d1%82%d0%b5%d1%82\/%d0%bf%d1%80%d0%be-%d0%bd%d0%b0%d1%81\/#breadcrumb"},"inLanguage":"uk","potentialAction":[{"@type":"ReadAction","target":["https:\/\/prawowroclaw.edu.pl\/uk\/%d1%83%d0%bd%d1%96%d0%b2%d0%b5%d1%80%d1%81%d0%b8%d1%82%d0%b5%d1%82\/%d0%bf%d1%80%d0%be-%d0%bd%d0%b0%d1%81\/"]}]},{"@type":"ImageObject","inLanguage":"uk","@id":"https:\/\/prawowroclaw.edu.pl\/uk\/%d1%83%d0%bd%d1%96%d0%b2%d0%b5%d1%80%d1%81%d0%b8%d1%82%d0%b5%d1%82\/%d0%bf%d1%80%d0%be-%d0%bd%d0%b0%d1%81\/#primaryimage","url":"https:\/\/prawowroclaw.edu.pl\/wp-content\/uploads\/2021\/04\/social-care-180x180.png","contentUrl":"https:\/\/prawowroclaw.edu.pl\/wp-content\/uploads\/2021\/04\/social-care-180x180.png"},{"@type":"BreadcrumbList","@id":"https:\/\/prawowroclaw.edu.pl\/uk\/%d1%83%d0%bd%d1%96%d0%b2%d0%b5%d1%80%d1%81%d0%b8%d1%82%d0%b5%d1%82\/%d0%bf%d1%80%d0%be-%d0%bd%d0%b0%d1%81\/#breadcrumb","itemListElement":[{"@type":"ListItem","position":1,"name":"Strona g\u0142\u00f3wna","item":"https:\/\/prawowroclaw.edu.pl\/uk\/"},{"@type":"ListItem","position":2,"name":"\u0423\u043d\u0456\u0432\u0435\u0440\u0441\u0438\u0442\u0435\u0442","item":"https:\/\/prawowroclaw.edu.pl\/uk\/%d1%83%d0%bd%d1%96%d0%b2%d0%b5%d1%80%d1%81%d0%b8%d1%82%d0%b5%d1%82\/"},{"@type":"ListItem","position":3,"name":"\u041f\u0440\u043e \u043d\u0430\u0441"}]},{"@type":"WebSite","@id":"https:\/\/prawowroclaw.edu.pl\/#website","url":"https:\/\/prawowroclaw.edu.pl\/","name":"Wy\u017csza Szko\u0142a Prawa we Wroc\u0142awiu","description":"","publisher":{"@id":"https:\/\/prawowroclaw.edu.pl\/#organization"},"alternateName":"WSP Wroc\u0142aw","potentialAction":[{"@type":"SearchAction","target":{"@type":"EntryPoint","urlTemplate":"https:\/\/prawowroclaw.edu.pl\/?s={search_term_string}"},"query-input":{"@type":"PropertyValueSpecification","valueRequired":true,"valueName":"search_term_string"}}],"inLanguage":"uk"},{"@type":"Organization","@id":"https:\/\/prawowroclaw.edu.pl\/#organization","name":"Wy\u017csza Szko\u0142a Prawa we Wroc\u0142awiu","url":"https:\/\/prawowroclaw.edu.pl\/","logo":{"@type":"ImageObject","inLanguage":"uk","@id":"https:\/\/prawowroclaw.edu.pl\/#\/schema\/logo\/image\/","url":"https:\/\/prawowroclaw.edu.pl\/wp-content\/uploads\/2019\/09\/logo.jpg","contentUrl":"https:\/\/prawowroclaw.edu.pl\/wp-content\/uploads\/2019\/09\/logo.jpg","width":440,"height":173,"caption":"Wy\u017csza Szko\u0142a Prawa we Wroc\u0142awiu"},"image":{"@id":"https:\/\/prawowroclaw.edu.pl\/#\/schema\/logo\/image\/"},"sameAs":["https:\/\/www.facebook.com\/prawowroclaw","https:\/\/www.instagram.com\/wyzsza_szkola_prawa\/","https:\/\/www.youtube.com\/channel\/UCn1WU1GxhNexyFg6BiOJw2g"]}]}},"_links":{"self":[{"href":"https:\/\/prawowroclaw.edu.pl\/uk\/wp-json\/wp\/v2\/pages\/52238","targetHints":{"allow":["GET"]}}],"collection":[{"href":"https:\/\/prawowroclaw.edu.pl\/uk\/wp-json\/wp\/v2\/pages"}],"about":[{"href":"https:\/\/prawowroclaw.edu.pl\/uk\/wp-json\/wp\/v2\/types\/page"}],"author":[{"embeddable":true,"href":"https:\/\/prawowroclaw.edu.pl\/uk\/wp-json\/wp\/v2\/users\/1"}],"replies":[{"embeddable":true,"href":"https:\/\/prawowroclaw.edu.pl\/uk\/wp-json\/wp\/v2\/comments?post=52238"}],"version-history":[{"count":2,"href":"https:\/\/prawowroclaw.edu.pl\/uk\/wp-json\/wp\/v2\/pages\/52238\/revisions"}],"predecessor-version":[{"id":52240,"href":"https:\/\/prawowroclaw.edu.pl\/uk\/wp-json\/wp\/v2\/pages\/52238\/revisions\/52240"}],"up":[{"embeddable":true,"href":"https:\/\/prawowroclaw.edu.pl\/uk\/wp-json\/wp\/v2\/pages\/54007"}],"wp:attachment":[{"href":"https:\/\/prawowroclaw.edu.pl\/uk\/wp-json\/wp\/v2\/media?parent=52238"}],"wp:term":[{"taxonomy":"category","embeddable":true,"href":"https:\/\/prawowroclaw.edu.pl\/uk\/wp-json\/wp\/v2\/categories?post=52238"},{"taxonomy":"post_tag","embeddable":true,"href":"https:\/\/prawowroclaw.edu.pl\/uk\/wp-json\/wp\/v2\/tags?post=52238"}],"curies":[{"name":"wp","href":"https:\/\/api.w.org\/{rel}","templated":true}]}}