{"id":52744,"date":"2018-04-04T21:52:38","date_gmt":"2018-04-04T19:52:38","guid":{"rendered":"https:\/\/prawowroclaw.edu.pl\/erasmus\/erasmus-coordinator\/"},"modified":"2023-03-03T14:48:20","modified_gmt":"2023-03-03T13:48:20","slug":"erasmus-coordinator","status":"publish","type":"page","link":"https:\/\/prawowroclaw.edu.pl\/en\/erasmus\/erasmus-coordinator\/","title":{"rendered":"ERASMUS+ COORDINATOR"},"content":{"rendered":"\n","protected":false},"excerpt":{"rendered":"","protected":false},"author":1,"featured_media":45796,"parent":52636,"menu_order":0,"comment_status":"closed","ping_status":"closed","template":"","meta":{"episode_type":"","audio_file":"","podmotor_file_id":"","podmotor_episode_id":"","cover_image":"","cover_image_id":"","duration":"","filesize":"","filesize_raw":"","date_recorded":"","explicit":"","block":"","itunes_episode_number":"","itunes_title":"","itunes_season_number":"","itunes_episode_type":"","footnotes":""},"categories":[209],"tags":[],"class_list":["post-52744","page","type-page","status-publish","has-post-thumbnail","hentry","category-erasmus-wroclaw-en"],"yoast_head":"<!-- This site is optimized with the Yoast SEO Premium plugin v19.3 (Yoast SEO v27.2) - https:\/\/yoast.com\/product\/yoast-seo-premium-wordpress\/ -->\n<title>ERASMUS+ COORDINATOR | Wy\u017csza Szko\u0142a Prawa we Wroc\u0142awiu<\/title>\n<meta name=\"robots\" content=\"index, follow, max-snippet:-1, max-image-preview:large, max-video-preview:-1\" \/>\n<link rel=\"canonical\" href=\"https:\/\/prawowroclaw.edu.pl\/en\/erasmus\/erasmus-coordinator\/\" \/>\n<meta property=\"og:locale\" content=\"en_US\" \/>\n<meta property=\"og:type\" content=\"article\" \/>\n<meta property=\"og:title\" content=\"ERASMUS+ COORDINATOR\" \/>\n<meta property=\"og:url\" content=\"https:\/\/prawowroclaw.edu.pl\/en\/erasmus\/erasmus-coordinator\/\" \/>\n<meta property=\"og:site_name\" content=\"Wy\u017csza Szko\u0142a Prawa we Wroc\u0142awiu\" \/>\n<meta property=\"article:publisher\" content=\"https:\/\/www.facebook.com\/prawowroclaw\" \/>\n<meta property=\"article:modified_time\" content=\"2023-03-03T13:48:20+00:00\" \/>\n<meta property=\"og:image\" content=\"https:\/\/prawowroclaw.edu.pl\/wp-content\/uploads\/2018\/09\/praca-dla-studentow-ogloszenia-wroclaw.png\" \/>\n\t<meta property=\"og:image:width\" content=\"1920\" \/>\n\t<meta property=\"og:image:height\" content=\"600\" \/>\n\t<meta property=\"og:image:type\" content=\"image\/png\" \/>\n<meta name=\"twitter:label1\" content=\"Est. reading time\" \/>\n\t<meta name=\"twitter:data1\" content=\"4 minutes\" \/>\n<script type=\"application\/ld+json\" class=\"yoast-schema-graph\">{\"@context\":\"https:\/\/schema.org\",\"@graph\":[{\"@type\":\"WebPage\",\"@id\":\"https:\/\/prawowroclaw.edu.pl\/en\/erasmus\/erasmus-coordinator\/\",\"url\":\"https:\/\/prawowroclaw.edu.pl\/en\/erasmus\/erasmus-coordinator\/\",\"name\":\"ERASMUS+ COORDINATOR | Wy\u017csza Szko\u0142a Prawa we Wroc\u0142awiu\",\"isPartOf\":{\"@id\":\"https:\/\/prawowroclaw.edu.pl\/#website\"},\"primaryImageOfPage\":{\"@id\":\"https:\/\/prawowroclaw.edu.pl\/en\/erasmus\/erasmus-coordinator\/#primaryimage\"},\"image\":{\"@id\":\"https:\/\/prawowroclaw.edu.pl\/en\/erasmus\/erasmus-coordinator\/#primaryimage\"},\"thumbnailUrl\":\"https:\/\/prawowroclaw.edu.pl\/wp-content\/uploads\/2018\/09\/praca-dla-studentow-ogloszenia-wroclaw.png\",\"datePublished\":\"2018-04-04T19:52:38+00:00\",\"dateModified\":\"2023-03-03T13:48:20+00:00\",\"breadcrumb\":{\"@id\":\"https:\/\/prawowroclaw.edu.pl\/en\/erasmus\/erasmus-coordinator\/#breadcrumb\"},\"inLanguage\":\"en-US\",\"potentialAction\":[{\"@type\":\"ReadAction\",\"target\":[\"https:\/\/prawowroclaw.edu.pl\/en\/erasmus\/erasmus-coordinator\/\"]}]},{\"@type\":\"ImageObject\",\"inLanguage\":\"en-US\",\"@id\":\"https:\/\/prawowroclaw.edu.pl\/en\/erasmus\/erasmus-coordinator\/#primaryimage\",\"url\":\"https:\/\/prawowroclaw.edu.pl\/wp-content\/uploads\/2018\/09\/praca-dla-studentow-ogloszenia-wroclaw.png\",\"contentUrl\":\"https:\/\/prawowroclaw.edu.pl\/wp-content\/uploads\/2018\/09\/praca-dla-studentow-ogloszenia-wroclaw.png\",\"width\":1920,\"height\":600},{\"@type\":\"BreadcrumbList\",\"@id\":\"https:\/\/prawowroclaw.edu.pl\/en\/erasmus\/erasmus-coordinator\/#breadcrumb\",\"itemListElement\":[{\"@type\":\"ListItem\",\"position\":1,\"name\":\"Strona g\u0142\u00f3wna\",\"item\":\"https:\/\/prawowroclaw.edu.pl\/en\/\"},{\"@type\":\"ListItem\",\"position\":2,\"name\":\"Erasmus+\",\"item\":\"https:\/\/prawowroclaw.edu.pl\/en\/erasmus\/\"},{\"@type\":\"ListItem\",\"position\":3,\"name\":\"ERASMUS+ COORDINATOR\"}]},{\"@type\":\"WebSite\",\"@id\":\"https:\/\/prawowroclaw.edu.pl\/#website\",\"url\":\"https:\/\/prawowroclaw.edu.pl\/\",\"name\":\"Wy\u017csza Szko\u0142a Prawa we Wroc\u0142awiu\",\"description\":\"\",\"publisher\":{\"@id\":\"https:\/\/prawowroclaw.edu.pl\/#organization\"},\"alternateName\":\"WSP Wroc\u0142aw\",\"potentialAction\":[{\"@type\":\"SearchAction\",\"target\":{\"@type\":\"EntryPoint\",\"urlTemplate\":\"https:\/\/prawowroclaw.edu.pl\/?s={search_term_string}\"},\"query-input\":{\"@type\":\"PropertyValueSpecification\",\"valueRequired\":true,\"valueName\":\"search_term_string\"}}],\"inLanguage\":\"en-US\"},{\"@type\":\"Organization\",\"@id\":\"https:\/\/prawowroclaw.edu.pl\/#organization\",\"name\":\"Wy\u017csza Szko\u0142a Prawa we Wroc\u0142awiu\",\"url\":\"https:\/\/prawowroclaw.edu.pl\/\",\"logo\":{\"@type\":\"ImageObject\",\"inLanguage\":\"en-US\",\"@id\":\"https:\/\/prawowroclaw.edu.pl\/#\/schema\/logo\/image\/\",\"url\":\"https:\/\/prawowroclaw.edu.pl\/wp-content\/uploads\/2019\/09\/logo.jpg\",\"contentUrl\":\"https:\/\/prawowroclaw.edu.pl\/wp-content\/uploads\/2019\/09\/logo.jpg\",\"width\":440,\"height\":173,\"caption\":\"Wy\u017csza Szko\u0142a Prawa we Wroc\u0142awiu\"},\"image\":{\"@id\":\"https:\/\/prawowroclaw.edu.pl\/#\/schema\/logo\/image\/\"},\"sameAs\":[\"https:\/\/www.facebook.com\/prawowroclaw\",\"https:\/\/www.instagram.com\/wyzsza_szkola_prawa\/\",\"https:\/\/www.youtube.com\/channel\/UCn1WU1GxhNexyFg6BiOJw2g\"]}]}<\/script>\n<!-- \/ Yoast SEO Premium plugin. -->","yoast_head_json":{"title":"ERASMUS+ COORDINATOR | Wy\u017csza Szko\u0142a Prawa we Wroc\u0142awiu","robots":{"index":"index","follow":"follow","max-snippet":"max-snippet:-1","max-image-preview":"max-image-preview:large","max-video-preview":"max-video-preview:-1"},"canonical":"https:\/\/prawowroclaw.edu.pl\/en\/erasmus\/erasmus-coordinator\/","og_locale":"en_US","og_type":"article","og_title":"ERASMUS+ COORDINATOR","og_url":"https:\/\/prawowroclaw.edu.pl\/en\/erasmus\/erasmus-coordinator\/","og_site_name":"Wy\u017csza Szko\u0142a Prawa we Wroc\u0142awiu","article_publisher":"https:\/\/www.facebook.com\/prawowroclaw","article_modified_time":"2023-03-03T13:48:20+00:00","og_image":[{"width":1920,"height":600,"url":"https:\/\/prawowroclaw.edu.pl\/wp-content\/uploads\/2018\/09\/praca-dla-studentow-ogloszenia-wroclaw.png","type":"image\/png"}],"twitter_misc":{"Est. reading time":"4 minutes"},"schema":{"@context":"https:\/\/schema.org","@graph":[{"@type":"WebPage","@id":"https:\/\/prawowroclaw.edu.pl\/en\/erasmus\/erasmus-coordinator\/","url":"https:\/\/prawowroclaw.edu.pl\/en\/erasmus\/erasmus-coordinator\/","name":"ERASMUS+ COORDINATOR | Wy\u017csza Szko\u0142a Prawa we Wroc\u0142awiu","isPartOf":{"@id":"https:\/\/prawowroclaw.edu.pl\/#website"},"primaryImageOfPage":{"@id":"https:\/\/prawowroclaw.edu.pl\/en\/erasmus\/erasmus-coordinator\/#primaryimage"},"image":{"@id":"https:\/\/prawowroclaw.edu.pl\/en\/erasmus\/erasmus-coordinator\/#primaryimage"},"thumbnailUrl":"https:\/\/prawowroclaw.edu.pl\/wp-content\/uploads\/2018\/09\/praca-dla-studentow-ogloszenia-wroclaw.png","datePublished":"2018-04-04T19:52:38+00:00","dateModified":"2023-03-03T13:48:20+00:00","breadcrumb":{"@id":"https:\/\/prawowroclaw.edu.pl\/en\/erasmus\/erasmus-coordinator\/#breadcrumb"},"inLanguage":"en-US","potentialAction":[{"@type":"ReadAction","target":["https:\/\/prawowroclaw.edu.pl\/en\/erasmus\/erasmus-coordinator\/"]}]},{"@type":"ImageObject","inLanguage":"en-US","@id":"https:\/\/prawowroclaw.edu.pl\/en\/erasmus\/erasmus-coordinator\/#primaryimage","url":"https:\/\/prawowroclaw.edu.pl\/wp-content\/uploads\/2018\/09\/praca-dla-studentow-ogloszenia-wroclaw.png","contentUrl":"https:\/\/prawowroclaw.edu.pl\/wp-content\/uploads\/2018\/09\/praca-dla-studentow-ogloszenia-wroclaw.png","width":1920,"height":600},{"@type":"BreadcrumbList","@id":"https:\/\/prawowroclaw.edu.pl\/en\/erasmus\/erasmus-coordinator\/#breadcrumb","itemListElement":[{"@type":"ListItem","position":1,"name":"Strona g\u0142\u00f3wna","item":"https:\/\/prawowroclaw.edu.pl\/en\/"},{"@type":"ListItem","position":2,"name":"Erasmus+","item":"https:\/\/prawowroclaw.edu.pl\/en\/erasmus\/"},{"@type":"ListItem","position":3,"name":"ERASMUS+ COORDINATOR"}]},{"@type":"WebSite","@id":"https:\/\/prawowroclaw.edu.pl\/#website","url":"https:\/\/prawowroclaw.edu.pl\/","name":"Wy\u017csza Szko\u0142a Prawa we Wroc\u0142awiu","description":"","publisher":{"@id":"https:\/\/prawowroclaw.edu.pl\/#organization"},"alternateName":"WSP Wroc\u0142aw","potentialAction":[{"@type":"SearchAction","target":{"@type":"EntryPoint","urlTemplate":"https:\/\/prawowroclaw.edu.pl\/?s={search_term_string}"},"query-input":{"@type":"PropertyValueSpecification","valueRequired":true,"valueName":"search_term_string"}}],"inLanguage":"en-US"},{"@type":"Organization","@id":"https:\/\/prawowroclaw.edu.pl\/#organization","name":"Wy\u017csza Szko\u0142a Prawa we Wroc\u0142awiu","url":"https:\/\/prawowroclaw.edu.pl\/","logo":{"@type":"ImageObject","inLanguage":"en-US","@id":"https:\/\/prawowroclaw.edu.pl\/#\/schema\/logo\/image\/","url":"https:\/\/prawowroclaw.edu.pl\/wp-content\/uploads\/2019\/09\/logo.jpg","contentUrl":"https:\/\/prawowroclaw.edu.pl\/wp-content\/uploads\/2019\/09\/logo.jpg","width":440,"height":173,"caption":"Wy\u017csza Szko\u0142a Prawa we Wroc\u0142awiu"},"image":{"@id":"https:\/\/prawowroclaw.edu.pl\/#\/schema\/logo\/image\/"},"sameAs":["https:\/\/www.facebook.com\/prawowroclaw","https:\/\/www.instagram.com\/wyzsza_szkola_prawa\/","https:\/\/www.youtube.com\/channel\/UCn1WU1GxhNexyFg6BiOJw2g"]}]}},"_links":{"self":[{"href":"https:\/\/prawowroclaw.edu.pl\/en\/wp-json\/wp\/v2\/pages\/52744","targetHints":{"allow":["GET"]}}],"collection":[{"href":"https:\/\/prawowroclaw.edu.pl\/en\/wp-json\/wp\/v2\/pages"}],"about":[{"href":"https:\/\/prawowroclaw.edu.pl\/en\/wp-json\/wp\/v2\/types\/page"}],"author":[{"embeddable":true,"href":"https:\/\/prawowroclaw.edu.pl\/en\/wp-json\/wp\/v2\/users\/1"}],"replies":[{"embeddable":true,"href":"https:\/\/prawowroclaw.edu.pl\/en\/wp-json\/wp\/v2\/comments?post=52744"}],"version-history":[{"count":3,"href":"https:\/\/prawowroclaw.edu.pl\/en\/wp-json\/wp\/v2\/pages\/52744\/revisions"}],"predecessor-version":[{"id":52752,"href":"https:\/\/prawowroclaw.edu.pl\/en\/wp-json\/wp\/v2\/pages\/52744\/revisions\/52752"}],"up":[{"embeddable":true,"href":"https:\/\/prawowroclaw.edu.pl\/en\/wp-json\/wp\/v2\/pages\/52636"}],"wp:featuredmedia":[{"embeddable":true,"href":"https:\/\/prawowroclaw.edu.pl\/en\/wp-json\/wp\/v2\/media\/45796"}],"wp:attachment":[{"href":"https:\/\/prawowroclaw.edu.pl\/en\/wp-json\/wp\/v2\/media?parent=52744"}],"wp:term":[{"taxonomy":"category","embeddable":true,"href":"https:\/\/prawowroclaw.edu.pl\/en\/wp-json\/wp\/v2\/categories?post=52744"},{"taxonomy":"post_tag","embeddable":true,"href":"https:\/\/prawowroclaw.edu.pl\/en\/wp-json\/wp\/v2\/tags?post=52744"}],"curies":[{"name":"wp","href":"https:\/\/api.w.org\/{rel}","templated":true}]}}